{"id":1321,"date":"2025-11-14T19:21:32","date_gmt":"2025-11-14T19:21:32","guid":{"rendered":"https:\/\/www.mundilibros.cl\/web\/?post_type=product&#038;p=1321"},"modified":"2025-11-14T19:22:03","modified_gmt":"2025-11-14T19:22:03","slug":"todo-lo-que-necesito-ya-existe-en-mi","status":"publish","type":"product","link":"https:\/\/www.mundilibros.cl\/web\/producto\/todo-lo-que-necesito-ya-existe-en-mi\/","title":{"rendered":"TODO LO QUE NECESITO YA EXISTE EN MI"},"content":{"rendered":"<div class=\"frase-mkt\">\n<p>El poemario que consagra a la poeta joven m\u00e1s popular del mundo y voz de su generaci\u00f3n.<\/p>\n<\/div>\n<p>Con una sensibilidad exquisita, rupi kaur aborda en\u00a0<em>todo lo que necesito existe ya en m\u00ed<\/em>\u00a0algunos de los temas por los que se dio a conocer con sus anteriores obras como el feminismo, el trauma, la p\u00e9rdida o el amor, pero en esta ocasi\u00f3n da un paso m\u00e1s all\u00e1 y revela, en un ejercicio \u00fanico de generosidad y honestidad, experiencias muy personales como el modo en que ha lidiado los \u00faltimos a\u00f1os con la depresi\u00f3n, el \u00e9xito o la presi\u00f3n a la que se ha visto sometida. Capaz de traducir en palabras sensaciones y sentimientos complejos, exhibe adem\u00e1s una notable sabidur\u00eda para desgranar males de nuestro tiempo como la autoexigencia, las enfermedades mentales o las relaciones t\u00f3xicas.<\/p>\n","protected":false},"excerpt":{"rendered":"<p>El poemario que consagra a la poeta joven m\u00e1s popular del mundo y voz de su generaci\u00f3n. Con una sensibilidad exquisita, rupi kaur aborda en\u00a0todo lo<span class=\"excerpt-hellip\"> [\u2026]<\/span><\/p>\n","protected":false},"featured_media":1338,"comment_status":"closed","ping_status":"closed","template":"","meta":[],"product_brand":[],"product_cat":[129],"product_tag":[],"class_list":{"0":"post-1321","1":"product","2":"type-product","3":"status-publish","4":"has-post-thumbnail","6":"product_cat-arte-musica-poesia","8":"first","9":"outofstock","10":"sale","11":"taxable","12":"shipping-taxable","13":"purchasable","14":"product-type-simple"},"_links":{"self":[{"href":"https:\/\/www.mundilibros.cl\/web\/wp-json\/wp\/v2\/product\/1321","targetHints":{"allow":["GET"]}}],"collection":[{"href":"https:\/\/www.mundilibros.cl\/web\/wp-json\/wp\/v2\/product"}],"about":[{"href":"https:\/\/www.mundilibros.cl\/web\/wp-json\/wp\/v2\/types\/product"}],"replies":[{"embeddable":true,"href":"https:\/\/www.mundilibros.cl\/web\/wp-json\/wp\/v2\/comments?post=1321"}],"wp:featuredmedia":[{"embeddable":true,"href":"https:\/\/www.mundilibros.cl\/web\/wp-json\/wp\/v2\/media\/1338"}],"wp:attachment":[{"href":"https:\/\/www.mundilibros.cl\/web\/wp-json\/wp\/v2\/media?parent=1321"}],"wp:term":[{"taxonomy":"product_brand","embeddable":true,"href":"https:\/\/www.mundilibros.cl\/web\/wp-json\/wp\/v2\/product_brand?post=1321"},{"taxonomy":"product_cat","embeddable":true,"href":"https:\/\/www.mundilibros.cl\/web\/wp-json\/wp\/v2\/product_cat?post=1321"},{"taxonomy":"product_tag","embeddable":true,"href":"https:\/\/www.mundilibros.cl\/web\/wp-json\/wp\/v2\/product_tag?post=1321"}],"curies":[{"name":"wp","href":"https:\/\/api.w.org\/{rel}","templated":true}]}}