{"id":1331,"date":"2025-11-14T19:21:57","date_gmt":"2025-11-14T19:21:57","guid":{"rendered":"https:\/\/www.mundilibros.cl\/web\/?post_type=product&#038;p=1331"},"modified":"2025-11-14T19:22:11","modified_gmt":"2025-11-14T19:22:11","slug":"divina-comedia-biblok","status":"publish","type":"product","link":"https:\/\/www.mundilibros.cl\/web\/producto\/divina-comedia-biblok\/","title":{"rendered":"DIVINA COMEDIA ( Biblok )"},"content":{"rendered":"<p>Con La Divina Comedia, quintaesencia de la cosmovisi\u00f3n medieval y una de las m\u00e1s altas cumbres de la literatura universal, Dante hizo Poes\u00eda de la Teolog\u00eda. Sus versos narran la historia en el mundo material de ultratumba tal como se lo conceb\u00eda en su tiempo. Esta magistral obra presenta al propio Dante en un descenso al Infierno que lo llevar\u00e1 finalmente al Purgatorio y el Para\u00edso, los tres estadios de la otra vida. En el Infierno y el Purgatorio su gu\u00eda ser\u00e1 Virgilio, el poeta latino que ya hab\u00eda hecho descender a Eneas al averno, mientras que quien conduzca al poeta en el Para\u00edso ser\u00e1 Beatriz, la dama elegida por Dante como musa y s\u00edmbolo de la Ciencia Sagrada. El mundo ultraterreno del autor es plenamente cristiano, pero no faltan referencias mitol\u00f3gicas y paganas, presentando a personajes como T\u00e1ntalo, Lanzarote y Trist\u00e1n sufriendo el castigo eterno en alguno de los c\u00edrculos, cada uno con un toque que va entre el humor y el ajuste de cuentas&#8230;<\/p>\n","protected":false},"excerpt":{"rendered":"<p>Con La Divina Comedia, quintaesencia de la cosmovisi\u00f3n medieval y una de las m\u00e1s altas cumbres de la literatura universal, Dante hizo Poes\u00eda de la Teolog\u00eda.<span class=\"excerpt-hellip\"> [\u2026]<\/span><\/p>\n","protected":false},"featured_media":1344,"comment_status":"closed","ping_status":"closed","template":"","meta":[],"product_brand":[],"product_cat":[110],"product_tag":[],"class_list":{"0":"post-1331","1":"product","2":"type-product","3":"status-publish","4":"has-post-thumbnail","6":"product_cat-clasicos","8":"first","9":"outofstock","10":"taxable","11":"shipping-taxable","12":"purchasable","13":"product-type-simple"},"_links":{"self":[{"href":"https:\/\/www.mundilibros.cl\/web\/wp-json\/wp\/v2\/product\/1331","targetHints":{"allow":["GET"]}}],"collection":[{"href":"https:\/\/www.mundilibros.cl\/web\/wp-json\/wp\/v2\/product"}],"about":[{"href":"https:\/\/www.mundilibros.cl\/web\/wp-json\/wp\/v2\/types\/product"}],"replies":[{"embeddable":true,"href":"https:\/\/www.mundilibros.cl\/web\/wp-json\/wp\/v2\/comments?post=1331"}],"wp:featuredmedia":[{"embeddable":true,"href":"https:\/\/www.mundilibros.cl\/web\/wp-json\/wp\/v2\/media\/1344"}],"wp:attachment":[{"href":"https:\/\/www.mundilibros.cl\/web\/wp-json\/wp\/v2\/media?parent=1331"}],"wp:term":[{"taxonomy":"product_brand","embeddable":true,"href":"https:\/\/www.mundilibros.cl\/web\/wp-json\/wp\/v2\/product_brand?post=1331"},{"taxonomy":"product_cat","embeddable":true,"href":"https:\/\/www.mundilibros.cl\/web\/wp-json\/wp\/v2\/product_cat?post=1331"},{"taxonomy":"product_tag","embeddable":true,"href":"https:\/\/www.mundilibros.cl\/web\/wp-json\/wp\/v2\/product_tag?post=1331"}],"curies":[{"name":"wp","href":"https:\/\/api.w.org\/{rel}","templated":true}]}}