{"id":1333,"date":"2025-11-14T19:21:57","date_gmt":"2025-11-14T19:21:57","guid":{"rendered":"https:\/\/www.mundilibros.cl\/web\/?post_type=product&#038;p=1333"},"modified":"2025-11-14T19:22:19","modified_gmt":"2025-11-14T19:22:19","slug":"la-casa-en-el-mar-mas-azul","status":"publish","type":"product","link":"https:\/\/www.mundilibros.cl\/web\/producto\/la-casa-en-el-mar-mas-azul\/","title":{"rendered":"LA CASA EN EL MAR MAS AZUL"},"content":{"rendered":"<div class=\"frase-mkt\">\n<p><strong>Bienvenido al lugar donde encontrar\u00e1s lo que de verdad importa.<\/strong><\/p>\n<\/div>\n<p><strong>Una novela que abrir\u00e1 tu mente y tu coraz\u00f3n: el fen\u00f3meno que est\u00e1 fascinando al mundo entero.<\/strong><\/p>\n<p>Trabajo, trabajo y m\u00e1s trabajo. Linus Baker podr\u00eda ser una persona cualquiera, en un lugar cualquiera, viviendo una vida cualquiera. \u00c9l estaba convencido de esto, y si t\u00fa lo hubieras conocido, tampoco habr\u00edas dudado en asegurar que Linus pertenec\u00eda al mont\u00f3n, ni m\u00e1s, ni menos. Y as\u00ed era, hasta el d\u00eda en que este funcionario del Departamento de J\u00f3venes M\u00e1gicos es llamado por Alt\u00edsima Direcci\u00f3n para supervisar un orfanato del que apenas hay registros.<\/p>\n<p>Con esta nueva tarea entre manos, Linus viajar\u00e1 a la isla de Marsyas, donde deber\u00e1 supervisar a seis hu\u00e9rfanos catalogados como peligrosos (hablamos del futuro Anticristo, entre otros) y a su enigm\u00e1tico cuidador. Ah\u00ed, deber\u00e1 dejar de lado sus miedos y prejuicios, que no son pocos, para darse cuenta de que lo que realmente tiene que hacer no es aquello a lo que le han enviado. Porque en Marsyas, Linus descubrir\u00e1 que el camino a la felicidad es distinto para cada uno de nosotros, y, que si te atreves a recorrerlo, llegar\u00e1s al lugar donde te encontrar\u00e1s a ti mismo.<\/p>\n","protected":false},"excerpt":{"rendered":"<p>Bienvenido al lugar donde encontrar\u00e1s lo que de verdad importa. Una novela que abrir\u00e1 tu mente y tu coraz\u00f3n: el fen\u00f3meno que est\u00e1 fascinando al mundo<span class=\"excerpt-hellip\"> [\u2026]<\/span><\/p>\n","protected":false},"featured_media":1356,"comment_status":"closed","ping_status":"closed","template":"","meta":[],"product_brand":[],"product_cat":[58],"product_tag":[],"class_list":{"0":"post-1333","1":"product","2":"type-product","3":"status-publish","4":"has-post-thumbnail","6":"product_cat-juvenil","8":"first","9":"outofstock","10":"sale","11":"taxable","12":"shipping-taxable","13":"purchasable","14":"product-type-simple"},"_links":{"self":[{"href":"https:\/\/www.mundilibros.cl\/web\/wp-json\/wp\/v2\/product\/1333","targetHints":{"allow":["GET"]}}],"collection":[{"href":"https:\/\/www.mundilibros.cl\/web\/wp-json\/wp\/v2\/product"}],"about":[{"href":"https:\/\/www.mundilibros.cl\/web\/wp-json\/wp\/v2\/types\/product"}],"replies":[{"embeddable":true,"href":"https:\/\/www.mundilibros.cl\/web\/wp-json\/wp\/v2\/comments?post=1333"}],"wp:featuredmedia":[{"embeddable":true,"href":"https:\/\/www.mundilibros.cl\/web\/wp-json\/wp\/v2\/media\/1356"}],"wp:attachment":[{"href":"https:\/\/www.mundilibros.cl\/web\/wp-json\/wp\/v2\/media?parent=1333"}],"wp:term":[{"taxonomy":"product_brand","embeddable":true,"href":"https:\/\/www.mundilibros.cl\/web\/wp-json\/wp\/v2\/product_brand?post=1333"},{"taxonomy":"product_cat","embeddable":true,"href":"https:\/\/www.mundilibros.cl\/web\/wp-json\/wp\/v2\/product_cat?post=1333"},{"taxonomy":"product_tag","embeddable":true,"href":"https:\/\/www.mundilibros.cl\/web\/wp-json\/wp\/v2\/product_tag?post=1333"}],"curies":[{"name":"wp","href":"https:\/\/api.w.org\/{rel}","templated":true}]}}