{"id":1334,"date":"2025-11-14T19:21:57","date_gmt":"2025-11-14T19:21:57","guid":{"rendered":"https:\/\/www.mundilibros.cl\/web\/?post_type=product&#038;p=1334"},"modified":"2025-11-14T19:22:21","modified_gmt":"2025-11-14T19:22:21","slug":"y-si-lo-probamos","status":"publish","type":"product","link":"https:\/\/www.mundilibros.cl\/web\/producto\/y-si-lo-probamos\/","title":{"rendered":"\u00bf Y SI LO PROBAMOS ?"},"content":{"rendered":"<p><strong>Una novela rom\u00e1ntico-er\u00f3tica que te har\u00e1 ver que lo que es para ti lo ser\u00e1 aunque te apartes, y lo que no, aunque te pongas.<\/strong><\/p>\n<p>\u00a1Hola!<\/p>\n<p><strong>Me llamo Ver\u00f3nica Jim\u00e9nez, tengo treinta y ocho a\u00f1os\u00a0<\/strong>y soy una mujer independiente, trabajadora, aut\u00f3noma y, seg\u00fan dicen quienes me conocen, bastante cabezota y controladora. Vale, lo confieso, lo soy. Pero \u00bfacaso hay alguien perfecto?<\/p>\n<p><strong>Yo era de las que cre\u00eda en princesas y pr\u00edncipes, hasta que el m\u00edo se convirti\u00f3 en un sapo y decid\u00ed que el romanticismo no era para m\u00ed<\/strong>. As\u00ed que para horror de quienes me rodean, me impuse tres reglas para disfrutar del sexo sin compromiso.<\/p>\n<p>La primera: no enrollarme nunca con hombres casados. Soy de las que respetan y jam\u00e1s hago nada que no me gustar\u00eda que me hicieran a m\u00ed.<\/p>\n<p>La segunda: el trabajo y la diversi\u00f3n nunca han de mezclarse. No no. \u00a1Ni loca!<\/p>\n<p>Y la tercera, pero no por ello menos importante: siempre con hombres menores de treinta a\u00f1os. \u00bfPor qu\u00e9? Pues porque s\u00e9 que ellos van a lo mismo que voy yo: \u00a1a disfrutar!<\/p>\n<p>Te aseguro que hasta el momento estas normas me han dado muy buenos resultados. Sin embargo, en uno de mis viajes de trabajo he conocido a\u00a0<strong>Na\u00edm Acosta, un hombre de unos cuarenta, seguro de s\u00ed mismo, atractivo, sexy y tremendamente rom\u00e1ntico, que me est\u00e1 volviendo loca<\/strong>.<\/p>\n<p>Es verlo y el coraz\u00f3n se me acelera. Es o\u00edr su voz y toda yo me acaloro. Es pensar en \u00e9l y noto que en mi est\u00f3mago corren elefantes en estampida.\u00a0<strong>S\u00e9 que somos muy diferentes, pero los polos opuestos se atraen, y nosotros no paramos de chocar, y probar y\u2026 y\u2026 y\u2026<\/strong><\/p>\n<p>Bueno, mejor me callo, dejo que leas y cuando termines ya me dir\u00e1s si t\u00fa habr\u00edas probado\u2026 \u00bfO no?<\/p>\n","protected":false},"excerpt":{"rendered":"<p>Una novela rom\u00e1ntico-er\u00f3tica que te har\u00e1 ver que lo que es para ti lo ser\u00e1 aunque te apartes, y lo que no, aunque te pongas. \u00a1Hola!<span class=\"excerpt-hellip\"> [\u2026]<\/span><\/p>\n","protected":false},"featured_media":1357,"comment_status":"closed","ping_status":"closed","template":"","meta":[],"product_brand":[],"product_cat":[323],"product_tag":[],"class_list":{"0":"post-1334","1":"product","2":"type-product","3":"status-publish","4":"has-post-thumbnail","6":"product_cat-novela-erotica","8":"first","9":"outofstock","10":"sale","11":"taxable","12":"shipping-taxable","13":"purchasable","14":"product-type-simple"},"_links":{"self":[{"href":"https:\/\/www.mundilibros.cl\/web\/wp-json\/wp\/v2\/product\/1334","targetHints":{"allow":["GET"]}}],"collection":[{"href":"https:\/\/www.mundilibros.cl\/web\/wp-json\/wp\/v2\/product"}],"about":[{"href":"https:\/\/www.mundilibros.cl\/web\/wp-json\/wp\/v2\/types\/product"}],"replies":[{"embeddable":true,"href":"https:\/\/www.mundilibros.cl\/web\/wp-json\/wp\/v2\/comments?post=1334"}],"wp:featuredmedia":[{"embeddable":true,"href":"https:\/\/www.mundilibros.cl\/web\/wp-json\/wp\/v2\/media\/1357"}],"wp:attachment":[{"href":"https:\/\/www.mundilibros.cl\/web\/wp-json\/wp\/v2\/media?parent=1334"}],"wp:term":[{"taxonomy":"product_brand","embeddable":true,"href":"https:\/\/www.mundilibros.cl\/web\/wp-json\/wp\/v2\/product_brand?post=1334"},{"taxonomy":"product_cat","embeddable":true,"href":"https:\/\/www.mundilibros.cl\/web\/wp-json\/wp\/v2\/product_cat?post=1334"},{"taxonomy":"product_tag","embeddable":true,"href":"https:\/\/www.mundilibros.cl\/web\/wp-json\/wp\/v2\/product_tag?post=1334"}],"curies":[{"name":"wp","href":"https:\/\/api.w.org\/{rel}","templated":true}]}}