{"id":1347,"date":"2025-11-14T19:22:18","date_gmt":"2025-11-14T19:22:18","guid":{"rendered":"https:\/\/www.mundilibros.cl\/web\/?post_type=product&#038;p=1347"},"modified":"2025-11-14T19:22:28","modified_gmt":"2025-11-14T19:22:28","slug":"alegria-y-sofia-kaos-2","status":"publish","type":"product","link":"https:\/\/www.mundilibros.cl\/web\/producto\/alegria-y-sofia-kaos-2\/","title":{"rendered":"ALEGRIA Y SOFIA KAOS 2"},"content":{"rendered":"<div class=\"frase-mkt\">\n<p>\u00a1Contin\u00faa la aventura! M\u00e1s amigos, romance\u00a0y misterio con las versiones adultas de\u00a0Alegr\u00eda y Sof\u00eda, en la segunda parte de Kaos.<\/p>\n<\/div>\n<p>En medio de una trepidante lucha arcana, Alegr\u00eda y Sof\u00eda se reencuentran despu\u00e9s de largos\u00a0a\u00f1os.<\/p>\n<p>\u201c\u00bfTe conozco?\u201d<\/p>\n<p>Sin embargo, hay poco tiempo para los reencuentros, pues en medio de la batalla se nos van\u00a0develando los secretos de esta trama.<\/p>\n<p>Alegr\u00eda y Sof\u00eda Kaos 2 contin\u00faa las nuevas y emocionantes aventuras de nuestras queridas protagonistas,\u00a0en que la magia, el amor y la justicia se unen contra las fuerzas del mal.<\/p>\n","protected":false},"excerpt":{"rendered":"<p>\u00a1Contin\u00faa la aventura! M\u00e1s amigos, romance\u00a0y misterio con las versiones adultas de\u00a0Alegr\u00eda y Sof\u00eda, en la segunda parte de Kaos. En medio de una trepidante lucha<span class=\"excerpt-hellip\"> [\u2026]<\/span><\/p>\n","protected":false},"featured_media":1358,"comment_status":"closed","ping_status":"closed","template":"","meta":[],"product_brand":[],"product_cat":[58],"product_tag":[],"class_list":{"0":"post-1347","1":"product","2":"type-product","3":"status-publish","4":"has-post-thumbnail","6":"product_cat-juvenil","8":"first","9":"outofstock","10":"sale","11":"taxable","12":"shipping-taxable","13":"purchasable","14":"product-type-simple"},"_links":{"self":[{"href":"https:\/\/www.mundilibros.cl\/web\/wp-json\/wp\/v2\/product\/1347","targetHints":{"allow":["GET"]}}],"collection":[{"href":"https:\/\/www.mundilibros.cl\/web\/wp-json\/wp\/v2\/product"}],"about":[{"href":"https:\/\/www.mundilibros.cl\/web\/wp-json\/wp\/v2\/types\/product"}],"replies":[{"embeddable":true,"href":"https:\/\/www.mundilibros.cl\/web\/wp-json\/wp\/v2\/comments?post=1347"}],"wp:featuredmedia":[{"embeddable":true,"href":"https:\/\/www.mundilibros.cl\/web\/wp-json\/wp\/v2\/media\/1358"}],"wp:attachment":[{"href":"https:\/\/www.mundilibros.cl\/web\/wp-json\/wp\/v2\/media?parent=1347"}],"wp:term":[{"taxonomy":"product_brand","embeddable":true,"href":"https:\/\/www.mundilibros.cl\/web\/wp-json\/wp\/v2\/product_brand?post=1347"},{"taxonomy":"product_cat","embeddable":true,"href":"https:\/\/www.mundilibros.cl\/web\/wp-json\/wp\/v2\/product_cat?post=1347"},{"taxonomy":"product_tag","embeddable":true,"href":"https:\/\/www.mundilibros.cl\/web\/wp-json\/wp\/v2\/product_tag?post=1347"}],"curies":[{"name":"wp","href":"https:\/\/api.w.org\/{rel}","templated":true}]}}