{"id":1350,"date":"2025-11-14T19:22:18","date_gmt":"2025-11-14T19:22:18","guid":{"rendered":"https:\/\/www.mundilibros.cl\/web\/?post_type=product&#038;p=1350"},"modified":"2025-11-14T19:22:44","modified_gmt":"2025-11-14T19:22:44","slug":"nick-y-charlie","status":"publish","type":"product","link":"https:\/\/www.mundilibros.cl\/web\/producto\/nick-y-charlie\/","title":{"rendered":"NICK Y CHARLIE"},"content":{"rendered":"<div class=\"product attribute description\">\n<p>Todo el mundo sabe que Nick y Charlie son la pareja perfecta y que son inseparables, pero ahora que Nick se ir\u00e1 a la universidad y Charlie se quedar\u00e1 atr\u00e1s, todos se preguntan si seguir\u00e1n juntos. \u00a1Qu\u00e9 pregunta tan tonta! \u00a1Por favor! \u00a1Si son Nick y Charlie! Pero cuando la despedida se acerca, los dos j\u00f3venes empezar\u00e1n a cuestionarse si su amor es lo suficientemente fuerte para sobrevivir a la distancia. O si solo est\u00e1n retrasando lo inevitable&#8230;<\/p>\n<\/div>\n<div class=\"product attribute overview\">\n<div class=\"value std\">Toca de manera sensible y cuidada tem\u00e1ticas importantes como el bullying, la familia, las enfermedades mentales, los trastornos alimentarios, la discriminaci\u00f3n, etc<\/div>\n<\/div>\n","protected":false},"excerpt":{"rendered":"<p>Todo el mundo sabe que Nick y Charlie son la pareja perfecta y que son inseparables, pero ahora que Nick se ir\u00e1 a la universidad y<span class=\"excerpt-hellip\"> [\u2026]<\/span><\/p>\n","protected":false},"featured_media":1366,"comment_status":"closed","ping_status":"closed","template":"","meta":[],"product_brand":[],"product_cat":[58],"product_tag":[],"class_list":{"0":"post-1350","1":"product","2":"type-product","3":"status-publish","4":"has-post-thumbnail","6":"product_cat-juvenil","8":"first","9":"outofstock","10":"sale","11":"taxable","12":"shipping-taxable","13":"purchasable","14":"product-type-simple"},"_links":{"self":[{"href":"https:\/\/www.mundilibros.cl\/web\/wp-json\/wp\/v2\/product\/1350","targetHints":{"allow":["GET"]}}],"collection":[{"href":"https:\/\/www.mundilibros.cl\/web\/wp-json\/wp\/v2\/product"}],"about":[{"href":"https:\/\/www.mundilibros.cl\/web\/wp-json\/wp\/v2\/types\/product"}],"replies":[{"embeddable":true,"href":"https:\/\/www.mundilibros.cl\/web\/wp-json\/wp\/v2\/comments?post=1350"}],"wp:featuredmedia":[{"embeddable":true,"href":"https:\/\/www.mundilibros.cl\/web\/wp-json\/wp\/v2\/media\/1366"}],"wp:attachment":[{"href":"https:\/\/www.mundilibros.cl\/web\/wp-json\/wp\/v2\/media?parent=1350"}],"wp:term":[{"taxonomy":"product_brand","embeddable":true,"href":"https:\/\/www.mundilibros.cl\/web\/wp-json\/wp\/v2\/product_brand?post=1350"},{"taxonomy":"product_cat","embeddable":true,"href":"https:\/\/www.mundilibros.cl\/web\/wp-json\/wp\/v2\/product_cat?post=1350"},{"taxonomy":"product_tag","embeddable":true,"href":"https:\/\/www.mundilibros.cl\/web\/wp-json\/wp\/v2\/product_tag?post=1350"}],"curies":[{"name":"wp","href":"https:\/\/api.w.org\/{rel}","templated":true}]}}