{"id":1361,"date":"2025-11-14T19:22:39","date_gmt":"2025-11-14T19:22:39","guid":{"rendered":"https:\/\/www.mundilibros.cl\/web\/?post_type=product&#038;p=1361"},"modified":"2025-11-14T19:23:16","modified_gmt":"2025-11-14T19:23:16","slug":"despues-de-diciembre","status":"publish","type":"product","link":"https:\/\/www.mundilibros.cl\/web\/producto\/despues-de-diciembre\/","title":{"rendered":"DESPUES DE DICIEMBRE"},"content":{"rendered":"<p>El tiempo es algo relativo.<\/p>\n<p>Para algunos pasa m\u00e1s r\u00e1pido; para otros, no tanto.<\/p>\n<p>A Jenna Brown el \u00faltimo a\u00f1o se le ha hecho eterno.<\/p>\n<p>Cuando superas una ruptura, el tiempo se rige por otras leyes f\u00edsicas, y estar un a\u00f1o sin Jack Ross ha sido uno de los retos m\u00e1s dif\u00edciles de su vida. Pero ha conseguido<\/p>\n<p>superarlo, centrarse en s\u00ed misma y convertirse en una Jenna renovada que tiene un nuevo objetivo vital: terminar los estudios.<\/p>\n<p>Aunque suponga volver al lugar donde todo empez\u00f3 y que tantos recuerdos le evoca.<\/p>\n<p>Aunque suponga tener que enfrentarse a las consecuencias de todas las decisiones que<\/p>\n<p>tom\u00f3 un a\u00f1o atr\u00e1s.<\/p>\n<p>Jenna est\u00e1 convencida de que todo lo ocurrido antes de diciembre forma parte del pasado, pero\u2026 \u00bfqu\u00e9 ocurrir\u00e1 despu\u00e9s de diciembre?<\/p>\n","protected":false},"excerpt":{"rendered":"<p>El tiempo es algo relativo. Para algunos pasa m\u00e1s r\u00e1pido; para otros, no tanto. A Jenna Brown el \u00faltimo a\u00f1o se le ha hecho eterno. Cuando<span class=\"excerpt-hellip\"> [\u2026]<\/span><\/p>\n","protected":false},"featured_media":1376,"comment_status":"closed","ping_status":"closed","template":"","meta":[],"product_brand":[],"product_cat":[58],"product_tag":[],"class_list":{"0":"post-1361","1":"product","2":"type-product","3":"status-publish","4":"has-post-thumbnail","6":"product_cat-juvenil","8":"first","9":"outofstock","10":"sale","11":"taxable","12":"shipping-taxable","13":"purchasable","14":"product-type-simple"},"_links":{"self":[{"href":"https:\/\/www.mundilibros.cl\/web\/wp-json\/wp\/v2\/product\/1361","targetHints":{"allow":["GET"]}}],"collection":[{"href":"https:\/\/www.mundilibros.cl\/web\/wp-json\/wp\/v2\/product"}],"about":[{"href":"https:\/\/www.mundilibros.cl\/web\/wp-json\/wp\/v2\/types\/product"}],"replies":[{"embeddable":true,"href":"https:\/\/www.mundilibros.cl\/web\/wp-json\/wp\/v2\/comments?post=1361"}],"wp:featuredmedia":[{"embeddable":true,"href":"https:\/\/www.mundilibros.cl\/web\/wp-json\/wp\/v2\/media\/1376"}],"wp:attachment":[{"href":"https:\/\/www.mundilibros.cl\/web\/wp-json\/wp\/v2\/media?parent=1361"}],"wp:term":[{"taxonomy":"product_brand","embeddable":true,"href":"https:\/\/www.mundilibros.cl\/web\/wp-json\/wp\/v2\/product_brand?post=1361"},{"taxonomy":"product_cat","embeddable":true,"href":"https:\/\/www.mundilibros.cl\/web\/wp-json\/wp\/v2\/product_cat?post=1361"},{"taxonomy":"product_tag","embeddable":true,"href":"https:\/\/www.mundilibros.cl\/web\/wp-json\/wp\/v2\/product_tag?post=1361"}],"curies":[{"name":"wp","href":"https:\/\/api.w.org\/{rel}","templated":true}]}}