{"id":1362,"date":"2025-11-14T19:22:39","date_gmt":"2025-11-14T19:22:39","guid":{"rendered":"https:\/\/www.mundilibros.cl\/web\/?post_type=product&#038;p=1362"},"modified":"2025-11-14T19:23:21","modified_gmt":"2025-11-14T19:23:21","slug":"a-traves-de-la-lluvia","status":"publish","type":"product","link":"https:\/\/www.mundilibros.cl\/web\/producto\/a-traves-de-la-lluvia\/","title":{"rendered":"A TRAVES DE LA LLUVIA"},"content":{"rendered":"<p align=\"JUSTIFY\"><b>Llega el esperado final de la saga Hidalgos, el cierre de la exitosa serie de A trav\u00e9s de mi ventana, que fue adaptada por Netflix. Descubre la nueva novela de la trilog\u00eda Hermanos Hidalgo.<\/b><\/p>\n<p align=\"JUSTIFY\">Apolo Hidalgo es el menor de los tres hermanos Hidalgo, un chico dulce y lleno de buenas intenciones: un chico bueno. Cualquiera pensar\u00eda que le ir\u00eda bien en el amor y en la vida, pero \u00bfser\u00e1 as\u00ed? \u00bfY si a las chicas que encuentra en su camino no le gustan los chicos buenos? \u00bfY si sus buenas intenciones y buen coraz\u00f3n no son suficientes? A los chicos tambi\u00e9n les pueden romper el coraz\u00f3n y Apolo lo sabe mejor que nadie.<\/p>\n<p align=\"JUSTIFY\">Descubre el final de la trilog\u00eda Hermanos Hildago.<\/p>\n","protected":false},"excerpt":{"rendered":"<p><strong>DISPONIBLES<\/strong><\/p>\n","protected":false},"featured_media":1377,"comment_status":"closed","ping_status":"closed","template":"","meta":[],"product_brand":[],"product_cat":[58],"product_tag":[],"class_list":{"0":"post-1362","1":"product","2":"type-product","3":"status-publish","4":"has-post-thumbnail","6":"product_cat-juvenil","8":"first","9":"instock","10":"taxable","11":"shipping-taxable","12":"purchasable","13":"product-type-simple"},"_links":{"self":[{"href":"https:\/\/www.mundilibros.cl\/web\/wp-json\/wp\/v2\/product\/1362","targetHints":{"allow":["GET"]}}],"collection":[{"href":"https:\/\/www.mundilibros.cl\/web\/wp-json\/wp\/v2\/product"}],"about":[{"href":"https:\/\/www.mundilibros.cl\/web\/wp-json\/wp\/v2\/types\/product"}],"replies":[{"embeddable":true,"href":"https:\/\/www.mundilibros.cl\/web\/wp-json\/wp\/v2\/comments?post=1362"}],"wp:featuredmedia":[{"embeddable":true,"href":"https:\/\/www.mundilibros.cl\/web\/wp-json\/wp\/v2\/media\/1377"}],"wp:attachment":[{"href":"https:\/\/www.mundilibros.cl\/web\/wp-json\/wp\/v2\/media?parent=1362"}],"wp:term":[{"taxonomy":"product_brand","embeddable":true,"href":"https:\/\/www.mundilibros.cl\/web\/wp-json\/wp\/v2\/product_brand?post=1362"},{"taxonomy":"product_cat","embeddable":true,"href":"https:\/\/www.mundilibros.cl\/web\/wp-json\/wp\/v2\/product_cat?post=1362"},{"taxonomy":"product_tag","embeddable":true,"href":"https:\/\/www.mundilibros.cl\/web\/wp-json\/wp\/v2\/product_tag?post=1362"}],"curies":[{"name":"wp","href":"https:\/\/api.w.org\/{rel}","templated":true}]}}