{"id":1365,"date":"2025-11-14T19:22:39","date_gmt":"2025-11-14T19:22:39","guid":{"rendered":"https:\/\/www.mundilibros.cl\/web\/?post_type=product&#038;p=1365"},"modified":"2025-11-14T19:23:34","modified_gmt":"2025-11-14T19:23:34","slug":"historias-versos-y-vinetas","status":"publish","type":"product","link":"https:\/\/www.mundilibros.cl\/web\/producto\/historias-versos-y-vinetas\/","title":{"rendered":"HISTORIAS, VERSOS Y VI\u00d1ETAS"},"content":{"rendered":"<p>Este libro no es tan solo un libro: tambi\u00e9n es una caja que se abre con la mirada. Adem\u00e1s de palabras, incluye im\u00e1genes -a veces dispersas, otras secuenciales-, pero no tiene instrucciones de uso o de armado. Solo la b\u00fasqueda del lector y su apetito por disfrutar cada una de sus obras le da un sentido y completa su camino hasta la \u00faltima hoja.<\/p>\n","protected":false},"excerpt":{"rendered":"<p>Este libro no es tan solo un libro: tambi\u00e9n es una caja que se abre con la mirada. Adem\u00e1s de palabras, incluye im\u00e1genes -a veces dispersas,<span class=\"excerpt-hellip\"> [\u2026]<\/span><\/p>\n","protected":false},"featured_media":1390,"comment_status":"closed","ping_status":"closed","template":"","meta":[],"product_brand":[],"product_cat":[64,89],"product_tag":[],"class_list":{"0":"post-1365","1":"product","2":"type-product","3":"status-publish","4":"has-post-thumbnail","6":"product_cat-libros-infantiles","7":"product_cat-ofertas","9":"first","10":"instock","11":"sale","12":"taxable","13":"shipping-taxable","14":"purchasable","15":"product-type-simple"},"_links":{"self":[{"href":"https:\/\/www.mundilibros.cl\/web\/wp-json\/wp\/v2\/product\/1365","targetHints":{"allow":["GET"]}}],"collection":[{"href":"https:\/\/www.mundilibros.cl\/web\/wp-json\/wp\/v2\/product"}],"about":[{"href":"https:\/\/www.mundilibros.cl\/web\/wp-json\/wp\/v2\/types\/product"}],"replies":[{"embeddable":true,"href":"https:\/\/www.mundilibros.cl\/web\/wp-json\/wp\/v2\/comments?post=1365"}],"wp:featuredmedia":[{"embeddable":true,"href":"https:\/\/www.mundilibros.cl\/web\/wp-json\/wp\/v2\/media\/1390"}],"wp:attachment":[{"href":"https:\/\/www.mundilibros.cl\/web\/wp-json\/wp\/v2\/media?parent=1365"}],"wp:term":[{"taxonomy":"product_brand","embeddable":true,"href":"https:\/\/www.mundilibros.cl\/web\/wp-json\/wp\/v2\/product_brand?post=1365"},{"taxonomy":"product_cat","embeddable":true,"href":"https:\/\/www.mundilibros.cl\/web\/wp-json\/wp\/v2\/product_cat?post=1365"},{"taxonomy":"product_tag","embeddable":true,"href":"https:\/\/www.mundilibros.cl\/web\/wp-json\/wp\/v2\/product_tag?post=1365"}],"curies":[{"name":"wp","href":"https:\/\/api.w.org\/{rel}","templated":true}]}}