{"id":1370,"date":"2025-11-14T19:23:04","date_gmt":"2025-11-14T19:23:04","guid":{"rendered":"https:\/\/www.mundilibros.cl\/web\/?post_type=product&#038;p=1370"},"modified":"2025-11-14T19:23:36","modified_gmt":"2025-11-14T19:23:36","slug":"este-dolor-no-es-mio","status":"publish","type":"product","link":"https:\/\/www.mundilibros.cl\/web\/producto\/este-dolor-no-es-mio\/","title":{"rendered":"ESTE DOLOR NO ES MIO"},"content":{"rendered":"<p>DEPRESI\u00d3N. ANSIEDAD. DOLORES CR\u00d3NICOS. FOBIAS. PENSAMIENTOS OBSESIVOS.<br \/>\nLa evidencia cient\u00edfca muestra que los traumas pueden ser heredados.<br \/>\nExisten pruebas fiables de que muchos problemas cr\u00f3nicos o de largo plazo pueden no tener su origen en nuestras vivencias inmediatas o en desequilibrios qu\u00edmicos de nuestro cerebro, sino en las vidas de nuestros padres, abuelos o bisabuelos. Mark Wolynn, fundador y director del Instituto de Constelaciones Familiares (FCI) y pionero en el estudio de los traumas familiares heredados, presenta en \u00abEste dolor no es m\u00edo\u00bb un enfoque transformador que permite resolver problemas cr\u00f3nicos que no han podido ser aliviados mediante la terapia tradicional, los medicamentos u otras medidas.<\/p>\n","protected":false},"excerpt":{"rendered":"<p>DEPRESI\u00d3N. ANSIEDAD. DOLORES CR\u00d3NICOS. FOBIAS. PENSAMIENTOS OBSESIVOS. La evidencia cient\u00edfca muestra que los traumas pueden ser heredados. Existen pruebas fiables de que muchos problemas cr\u00f3nicos o<span class=\"excerpt-hellip\"> [\u2026]<\/span><\/p>\n","protected":false},"featured_media":1391,"comment_status":"closed","ping_status":"closed","template":"","meta":[],"product_brand":[],"product_cat":[46],"product_tag":[],"class_list":{"0":"post-1370","1":"product","2":"type-product","3":"status-publish","4":"has-post-thumbnail","6":"product_cat-autoayuda","8":"first","9":"outofstock","10":"featured","11":"taxable","12":"shipping-taxable","13":"purchasable","14":"product-type-simple"},"_links":{"self":[{"href":"https:\/\/www.mundilibros.cl\/web\/wp-json\/wp\/v2\/product\/1370","targetHints":{"allow":["GET"]}}],"collection":[{"href":"https:\/\/www.mundilibros.cl\/web\/wp-json\/wp\/v2\/product"}],"about":[{"href":"https:\/\/www.mundilibros.cl\/web\/wp-json\/wp\/v2\/types\/product"}],"replies":[{"embeddable":true,"href":"https:\/\/www.mundilibros.cl\/web\/wp-json\/wp\/v2\/comments?post=1370"}],"wp:featuredmedia":[{"embeddable":true,"href":"https:\/\/www.mundilibros.cl\/web\/wp-json\/wp\/v2\/media\/1391"}],"wp:attachment":[{"href":"https:\/\/www.mundilibros.cl\/web\/wp-json\/wp\/v2\/media?parent=1370"}],"wp:term":[{"taxonomy":"product_brand","embeddable":true,"href":"https:\/\/www.mundilibros.cl\/web\/wp-json\/wp\/v2\/product_brand?post=1370"},{"taxonomy":"product_cat","embeddable":true,"href":"https:\/\/www.mundilibros.cl\/web\/wp-json\/wp\/v2\/product_cat?post=1370"},{"taxonomy":"product_tag","embeddable":true,"href":"https:\/\/www.mundilibros.cl\/web\/wp-json\/wp\/v2\/product_tag?post=1370"}],"curies":[{"name":"wp","href":"https:\/\/api.w.org\/{rel}","templated":true}]}}