{"id":1371,"date":"2025-11-14T19:23:04","date_gmt":"2025-11-14T19:23:04","guid":{"rendered":"https:\/\/www.mundilibros.cl\/web\/?post_type=product&#038;p=1371"},"modified":"2025-11-14T19:23:38","modified_gmt":"2025-11-14T19:23:38","slug":"monos-piluchos","status":"publish","type":"product","link":"https:\/\/www.mundilibros.cl\/web\/producto\/monos-piluchos\/","title":{"rendered":"MONOS PILUCHOS"},"content":{"rendered":"<div class=\"frase-mkt\">\n<p>Primera novela de @noestoycreici<\/p>\n<p>Una de las hilarantes y deslenguadas voces\u00a0del exitoso podcast Weona, qu\u00e9 creici.<\/p>\n<\/div>\n<p>Sebasti\u00e1n vive en un pueblo costero donde nunca pasa nada. Su padre es camionero y apenas\u00a0aparece por casa; su madre est\u00e1 dedicada a los cuidados del hogar y sus hermanos no lo\u00a0toman mucho en cuenta. Lo \u00fanico que realmente lo reconforta es pasar las tardes en casa\u00a0de su abuela viendo Dragon Ball. Sin embargo, en esta serie japonesa Sebasti\u00e1n descubrir\u00e1\u00a0que esas im\u00e1genes masculinas le provocan algo m\u00e1s que una ingenua admiraci\u00f3n.<\/p>\n","protected":false},"excerpt":{"rendered":"<p>Primera novela de @noestoycreici Una de las hilarantes y deslenguadas voces\u00a0del exitoso podcast Weona, qu\u00e9 creici. Sebasti\u00e1n vive en un pueblo costero donde nunca pasa nada.<span class=\"excerpt-hellip\"> [\u2026]<\/span><\/p>\n","protected":false},"featured_media":1392,"comment_status":"closed","ping_status":"closed","template":"","meta":[],"product_brand":[],"product_cat":[25],"product_tag":[],"class_list":{"0":"post-1371","1":"product","2":"type-product","3":"status-publish","4":"has-post-thumbnail","6":"product_cat-novelas","8":"first","9":"outofstock","10":"sale","11":"taxable","12":"shipping-taxable","13":"purchasable","14":"product-type-simple"},"_links":{"self":[{"href":"https:\/\/www.mundilibros.cl\/web\/wp-json\/wp\/v2\/product\/1371","targetHints":{"allow":["GET"]}}],"collection":[{"href":"https:\/\/www.mundilibros.cl\/web\/wp-json\/wp\/v2\/product"}],"about":[{"href":"https:\/\/www.mundilibros.cl\/web\/wp-json\/wp\/v2\/types\/product"}],"replies":[{"embeddable":true,"href":"https:\/\/www.mundilibros.cl\/web\/wp-json\/wp\/v2\/comments?post=1371"}],"wp:featuredmedia":[{"embeddable":true,"href":"https:\/\/www.mundilibros.cl\/web\/wp-json\/wp\/v2\/media\/1392"}],"wp:attachment":[{"href":"https:\/\/www.mundilibros.cl\/web\/wp-json\/wp\/v2\/media?parent=1371"}],"wp:term":[{"taxonomy":"product_brand","embeddable":true,"href":"https:\/\/www.mundilibros.cl\/web\/wp-json\/wp\/v2\/product_brand?post=1371"},{"taxonomy":"product_cat","embeddable":true,"href":"https:\/\/www.mundilibros.cl\/web\/wp-json\/wp\/v2\/product_cat?post=1371"},{"taxonomy":"product_tag","embeddable":true,"href":"https:\/\/www.mundilibros.cl\/web\/wp-json\/wp\/v2\/product_tag?post=1371"}],"curies":[{"name":"wp","href":"https:\/\/api.w.org\/{rel}","templated":true}]}}