{"id":1372,"date":"2025-11-14T19:23:04","date_gmt":"2025-11-14T19:23:04","guid":{"rendered":"https:\/\/www.mundilibros.cl\/web\/?post_type=product&#038;p=1372"},"modified":"2025-11-14T19:23:41","modified_gmt":"2025-11-14T19:23:41","slug":"detras-del-arcoiris-stickers-de-regalo","status":"publish","type":"product","link":"https:\/\/www.mundilibros.cl\/web\/producto\/detras-del-arcoiris-stickers-de-regalo\/","title":{"rendered":"DETRAS DEL ARCOIRIS (STICKERS DE REGALO)"},"content":{"rendered":"<p style=\"font-weight: 400;\">El ex fanfic que enamor\u00f3 a miles de lectores ya est\u00e1 en Chile! Detr\u00e1s Del Arco\u00edris de @maf.munoz<\/p>\n<p>Agobiado por la pena despu\u00e9s de perder a su hermana y a su pareja, Edward Gardener, junto con su madre, se muda de Holm City a Doncastess (Reino Unido) con la idea de iniciar una nueva vida lejos de la angustia y el dolor que tan irreparables p\u00e9rdidas causaron en su mente y coraz\u00f3n.<\/p>\n<p>Estando all\u00ed crea la Fundaci\u00f3n Gardener, organizaci\u00f3n sin fines de lucro que se dedica a la defensa y protecci\u00f3n de los derechos de la comunidad LGTB, as\u00ed como de ofrecer un hogar a j\u00f3venes y adolescentes que padecen abandono y maltrato f\u00edsico y emocional por parte de sus padres. En la consecuci\u00f3n de los fines que persigue la fundaci\u00f3n es ayudado por sus dos grandes amigos: Jack Green y Damian Wayne.<\/p>\n<p>Uno de los eventos que llevar\u00e1 a cabo la fundaci\u00f3n es la marcha del orgullo gay. Edward y sus amigos se enfrentan a una comunidad de homof\u00f3bicos encabezados por Thomas Lenox (individuo con ideas religiosas radicales) en un juicio por la obtenci\u00f3n del permiso para realizar la misma.<\/p>\n<p>Luego de una brillante defensa por parte de Edward Gardener, el juez les concede el permiso. El d\u00eda de la marcha, William Lenox, -hijo de Thomas Lenox- ve por primera vez a Edward Gardener y queda impresionado, comenzando a cuestionarse las ideas inculcadas por su padre.<\/p>\n<p>Comienza as\u00ed una historia que desatar\u00e1 las pasiones y har\u00e1 presente el pasado tormentoso que vivieron sus padres.<\/p>\n","protected":false},"excerpt":{"rendered":"<p>INCLUYE\u00a0 STICKERS DE REGALO<\/p>\n","protected":false},"featured_media":1393,"comment_status":"closed","ping_status":"closed","template":"","meta":[],"product_brand":[],"product_cat":[58],"product_tag":[],"class_list":{"0":"post-1372","1":"product","2":"type-product","3":"status-publish","4":"has-post-thumbnail","6":"product_cat-juvenil","8":"first","9":"instock","10":"taxable","11":"shipping-taxable","12":"purchasable","13":"product-type-simple"},"_links":{"self":[{"href":"https:\/\/www.mundilibros.cl\/web\/wp-json\/wp\/v2\/product\/1372","targetHints":{"allow":["GET"]}}],"collection":[{"href":"https:\/\/www.mundilibros.cl\/web\/wp-json\/wp\/v2\/product"}],"about":[{"href":"https:\/\/www.mundilibros.cl\/web\/wp-json\/wp\/v2\/types\/product"}],"replies":[{"embeddable":true,"href":"https:\/\/www.mundilibros.cl\/web\/wp-json\/wp\/v2\/comments?post=1372"}],"wp:featuredmedia":[{"embeddable":true,"href":"https:\/\/www.mundilibros.cl\/web\/wp-json\/wp\/v2\/media\/1393"}],"wp:attachment":[{"href":"https:\/\/www.mundilibros.cl\/web\/wp-json\/wp\/v2\/media?parent=1372"}],"wp:term":[{"taxonomy":"product_brand","embeddable":true,"href":"https:\/\/www.mundilibros.cl\/web\/wp-json\/wp\/v2\/product_brand?post=1372"},{"taxonomy":"product_cat","embeddable":true,"href":"https:\/\/www.mundilibros.cl\/web\/wp-json\/wp\/v2\/product_cat?post=1372"},{"taxonomy":"product_tag","embeddable":true,"href":"https:\/\/www.mundilibros.cl\/web\/wp-json\/wp\/v2\/product_tag?post=1372"}],"curies":[{"name":"wp","href":"https:\/\/api.w.org\/{rel}","templated":true}]}}