{"id":1398,"date":"2025-11-14T19:23:58","date_gmt":"2025-11-14T19:23:58","guid":{"rendered":"https:\/\/www.mundilibros.cl\/web\/?post_type=product&#038;p=1398"},"modified":"2025-11-14T19:24:30","modified_gmt":"2025-11-14T19:24:30","slug":"la-revelacion-almas-perdidas-1","status":"publish","type":"product","link":"https:\/\/www.mundilibros.cl\/web\/producto\/la-revelacion-almas-perdidas-1\/","title":{"rendered":"LA REVELACION (almas perdidas 1)"},"content":{"rendered":"<p>Ella es un vampiro convertido. \u00c9l es un vampiro purasangre. Ella a\u00fan se aferra a su humanidad, \u00e9l es un asesino fr\u00edo. Sus mundos son completamente diferentes, son enemigos naturales. \u00bfQu\u00e9 pasar\u00e1 cuando sus caminos se crucen? \u00bfY si para ella, \u00e9l es la clave para descubrir la verdad?<\/p>\n","protected":false},"excerpt":{"rendered":"<p>Ella es un vampiro convertido. \u00c9l es un vampiro purasangre. Ella a\u00fan se aferra a su humanidad, \u00e9l es un asesino fr\u00edo. Sus mundos son completamente<span class=\"excerpt-hellip\"> [\u2026]<\/span><\/p>\n","protected":false},"featured_media":1414,"comment_status":"closed","ping_status":"closed","template":"","meta":[],"product_brand":[],"product_cat":[58],"product_tag":[],"class_list":{"0":"post-1398","1":"product","2":"type-product","3":"status-publish","4":"has-post-thumbnail","6":"product_cat-juvenil","8":"first","9":"instock","10":"sale","11":"taxable","12":"shipping-taxable","13":"purchasable","14":"product-type-simple"},"_links":{"self":[{"href":"https:\/\/www.mundilibros.cl\/web\/wp-json\/wp\/v2\/product\/1398","targetHints":{"allow":["GET"]}}],"collection":[{"href":"https:\/\/www.mundilibros.cl\/web\/wp-json\/wp\/v2\/product"}],"about":[{"href":"https:\/\/www.mundilibros.cl\/web\/wp-json\/wp\/v2\/types\/product"}],"replies":[{"embeddable":true,"href":"https:\/\/www.mundilibros.cl\/web\/wp-json\/wp\/v2\/comments?post=1398"}],"wp:featuredmedia":[{"embeddable":true,"href":"https:\/\/www.mundilibros.cl\/web\/wp-json\/wp\/v2\/media\/1414"}],"wp:attachment":[{"href":"https:\/\/www.mundilibros.cl\/web\/wp-json\/wp\/v2\/media?parent=1398"}],"wp:term":[{"taxonomy":"product_brand","embeddable":true,"href":"https:\/\/www.mundilibros.cl\/web\/wp-json\/wp\/v2\/product_brand?post=1398"},{"taxonomy":"product_cat","embeddable":true,"href":"https:\/\/www.mundilibros.cl\/web\/wp-json\/wp\/v2\/product_cat?post=1398"},{"taxonomy":"product_tag","embeddable":true,"href":"https:\/\/www.mundilibros.cl\/web\/wp-json\/wp\/v2\/product_tag?post=1398"}],"curies":[{"name":"wp","href":"https:\/\/api.w.org\/{rel}","templated":true}]}}