{"id":1400,"date":"2025-11-14T19:23:58","date_gmt":"2025-11-14T19:23:58","guid":{"rendered":"https:\/\/www.mundilibros.cl\/web\/?post_type=product&#038;p=1400"},"modified":"2025-11-14T19:24:40","modified_gmt":"2025-11-14T19:24:40","slug":"el-viento-conoce-mi-nombre","status":"publish","type":"product","link":"https:\/\/www.mundilibros.cl\/web\/producto\/el-viento-conoce-mi-nombre\/","title":{"rendered":"EL VIENTO CONOCE MI NOMBRE"},"content":{"rendered":"<p>Viena, 1938. Samuel Adler es un ni\u00f1o jud\u00edo cuyo padre desaparece durante la Noche de los Cristales Rotos, en la que su familia lo pierde todo. Su madre, desesperada, le consigue una plaza en un tren que le llevar\u00e1 desde la Austria nazi hasta Inglaterra. Samuel emprende una nueva etapa con su fiel viol\u00edn y con el peso de la soledad y la incertidumbre, que lo acompa\u00f1ar\u00e1n siempre. Arizona, 2019. Ocho d\u00e9cadas m\u00e1s tarde, Anita D\u00edaz sube con su madre a bordo de otro tren para escapar de un inminente peligro en El Salvador y exiliarse en Estados Unidos. Su llegada coincide con una nueva pol\u00edtica gubernamental que la separa de su madre en la frontera. Sola y asustada, Anita se refugia en Azabahar, un mundo m\u00e1gico en su imaginaci\u00f3n. Mientras tanto, la trabajadora social Selena Dur\u00e1n y el abogado Frank Angileri luchan por reunir a la ni\u00f1a con su madre y ofrecerle un futuro mejor<\/p>\n","protected":false},"excerpt":{"rendered":"<p>Viena, 1938. Samuel Adler es un ni\u00f1o jud\u00edo cuyo padre desaparece durante la Noche de los Cristales Rotos, en la que su familia lo pierde todo.<span class=\"excerpt-hellip\"> [\u2026]<\/span><\/p>\n","protected":false},"featured_media":1416,"comment_status":"closed","ping_status":"closed","template":"","meta":[],"product_brand":[],"product_cat":[25],"product_tag":[],"class_list":{"0":"post-1400","1":"product","2":"type-product","3":"status-publish","4":"has-post-thumbnail","6":"product_cat-novelas","8":"first","9":"outofstock","10":"sale","11":"taxable","12":"shipping-taxable","13":"purchasable","14":"product-type-simple"},"_links":{"self":[{"href":"https:\/\/www.mundilibros.cl\/web\/wp-json\/wp\/v2\/product\/1400","targetHints":{"allow":["GET"]}}],"collection":[{"href":"https:\/\/www.mundilibros.cl\/web\/wp-json\/wp\/v2\/product"}],"about":[{"href":"https:\/\/www.mundilibros.cl\/web\/wp-json\/wp\/v2\/types\/product"}],"replies":[{"embeddable":true,"href":"https:\/\/www.mundilibros.cl\/web\/wp-json\/wp\/v2\/comments?post=1400"}],"wp:featuredmedia":[{"embeddable":true,"href":"https:\/\/www.mundilibros.cl\/web\/wp-json\/wp\/v2\/media\/1416"}],"wp:attachment":[{"href":"https:\/\/www.mundilibros.cl\/web\/wp-json\/wp\/v2\/media?parent=1400"}],"wp:term":[{"taxonomy":"product_brand","embeddable":true,"href":"https:\/\/www.mundilibros.cl\/web\/wp-json\/wp\/v2\/product_brand?post=1400"},{"taxonomy":"product_cat","embeddable":true,"href":"https:\/\/www.mundilibros.cl\/web\/wp-json\/wp\/v2\/product_cat?post=1400"},{"taxonomy":"product_tag","embeddable":true,"href":"https:\/\/www.mundilibros.cl\/web\/wp-json\/wp\/v2\/product_tag?post=1400"}],"curies":[{"name":"wp","href":"https:\/\/api.w.org\/{rel}","templated":true}]}}