{"id":1401,"date":"2025-11-14T19:23:58","date_gmt":"2025-11-14T19:23:58","guid":{"rendered":"https:\/\/www.mundilibros.cl\/web\/?post_type=product&#038;p=1401"},"modified":"2025-11-14T19:24:45","modified_gmt":"2025-11-14T19:24:45","slug":"y-si-no-es-conmigo","status":"publish","type":"product","link":"https:\/\/www.mundilibros.cl\/web\/producto\/y-si-no-es-conmigo\/","title":{"rendered":"\u00bf Y SI NO ES CONMIGO ?"},"content":{"rendered":"<p align=\"JUSTIFY\">Llega un nuevo cap\u00edtulo en la intensa historia de amor de M. y D. que se inicia con un viaje alucinante lleno de sorpresas a la ciudad de Nueva York, seguido de encuentros, desencuentros y un acontecimiento que cambiar\u00e1 las vidas de estos personajes para siempre y que llevar\u00e1 a una de ellas a dudar sobre su relaci\u00f3n.<\/p>\n<p align=\"JUSTIFY\">Como en su primera novela, en \u00bfY si no es conmigo? Calle y Poch\u00e9 contin\u00faan bas\u00e1ndose en su propia vida, centrando sus historias en los subidones y bajones del amor juvenil: la pasi\u00f3n, la decepci\u00f3n, el deseo, el miedo al rechazo o la tentaci\u00f3n.<\/p>\n","protected":false},"excerpt":{"rendered":"<p>Llega un nuevo cap\u00edtulo en la intensa historia de amor de M. y D. que se inicia con un viaje alucinante lleno de sorpresas a la<span class=\"excerpt-hellip\"> [\u2026]<\/span><\/p>\n","protected":false},"featured_media":1417,"comment_status":"closed","ping_status":"closed","template":"","meta":[],"product_brand":[],"product_cat":[25],"product_tag":[],"class_list":{"0":"post-1401","1":"product","2":"type-product","3":"status-publish","4":"has-post-thumbnail","6":"product_cat-novelas","8":"first","9":"outofstock","10":"sale","11":"taxable","12":"shipping-taxable","13":"purchasable","14":"product-type-simple"},"_links":{"self":[{"href":"https:\/\/www.mundilibros.cl\/web\/wp-json\/wp\/v2\/product\/1401","targetHints":{"allow":["GET"]}}],"collection":[{"href":"https:\/\/www.mundilibros.cl\/web\/wp-json\/wp\/v2\/product"}],"about":[{"href":"https:\/\/www.mundilibros.cl\/web\/wp-json\/wp\/v2\/types\/product"}],"replies":[{"embeddable":true,"href":"https:\/\/www.mundilibros.cl\/web\/wp-json\/wp\/v2\/comments?post=1401"}],"wp:featuredmedia":[{"embeddable":true,"href":"https:\/\/www.mundilibros.cl\/web\/wp-json\/wp\/v2\/media\/1417"}],"wp:attachment":[{"href":"https:\/\/www.mundilibros.cl\/web\/wp-json\/wp\/v2\/media?parent=1401"}],"wp:term":[{"taxonomy":"product_brand","embeddable":true,"href":"https:\/\/www.mundilibros.cl\/web\/wp-json\/wp\/v2\/product_brand?post=1401"},{"taxonomy":"product_cat","embeddable":true,"href":"https:\/\/www.mundilibros.cl\/web\/wp-json\/wp\/v2\/product_cat?post=1401"},{"taxonomy":"product_tag","embeddable":true,"href":"https:\/\/www.mundilibros.cl\/web\/wp-json\/wp\/v2\/product_tag?post=1401"}],"curies":[{"name":"wp","href":"https:\/\/api.w.org\/{rel}","templated":true}]}}