{"id":1402,"date":"2025-11-14T19:23:58","date_gmt":"2025-11-14T19:23:58","guid":{"rendered":"https:\/\/www.mundilibros.cl\/web\/?post_type=product&#038;p=1402"},"modified":"2025-11-14T19:24:46","modified_gmt":"2025-11-14T19:24:46","slug":"gregor-la-profecia-del-gris","status":"publish","type":"product","link":"https:\/\/www.mundilibros.cl\/web\/producto\/gregor-la-profecia-del-gris\/","title":{"rendered":"GREGOR LA PROFECIA DEL GRIS"},"content":{"rendered":"<p>Gregor tiene once a\u00f1os y vive en Nueva York. Su existencia no es muy distinta de la de cualquier chico de su edad. Sin embargo, el destino le tiene reservada una sorpresa. Un caluroso d\u00eda de verano, \u00e9l y su hermana Boots, de dos a\u00f1os, caen accidentalmente por una rejilla de ventilaci\u00f3n. De repente, el peque\u00f1o mundo de Gregor desaparece. En las Tierras Bajas, una extra\u00f1a sociedad, en la que conviven seres humanos con murci\u00e9lagos y cucarachas, se encuentra amenazada por las ratas,<\/p>\n","protected":false},"excerpt":{"rendered":"<p>Gregor tiene once a\u00f1os y vive en Nueva York. Su existencia no es muy distinta de la de cualquier chico de su edad. Sin embargo, el<span class=\"excerpt-hellip\"> [\u2026]<\/span><\/p>\n","protected":false},"featured_media":1422,"comment_status":"closed","ping_status":"closed","template":"","meta":[],"product_brand":[],"product_cat":[33,89],"product_tag":[],"class_list":{"0":"post-1402","1":"product","2":"type-product","3":"status-publish","4":"has-post-thumbnail","6":"product_cat-literatura-escolar","7":"product_cat-ofertas","9":"first","10":"instock","11":"sale","12":"taxable","13":"shipping-taxable","14":"purchasable","15":"product-type-simple"},"_links":{"self":[{"href":"https:\/\/www.mundilibros.cl\/web\/wp-json\/wp\/v2\/product\/1402","targetHints":{"allow":["GET"]}}],"collection":[{"href":"https:\/\/www.mundilibros.cl\/web\/wp-json\/wp\/v2\/product"}],"about":[{"href":"https:\/\/www.mundilibros.cl\/web\/wp-json\/wp\/v2\/types\/product"}],"replies":[{"embeddable":true,"href":"https:\/\/www.mundilibros.cl\/web\/wp-json\/wp\/v2\/comments?post=1402"}],"wp:featuredmedia":[{"embeddable":true,"href":"https:\/\/www.mundilibros.cl\/web\/wp-json\/wp\/v2\/media\/1422"}],"wp:attachment":[{"href":"https:\/\/www.mundilibros.cl\/web\/wp-json\/wp\/v2\/media?parent=1402"}],"wp:term":[{"taxonomy":"product_brand","embeddable":true,"href":"https:\/\/www.mundilibros.cl\/web\/wp-json\/wp\/v2\/product_brand?post=1402"},{"taxonomy":"product_cat","embeddable":true,"href":"https:\/\/www.mundilibros.cl\/web\/wp-json\/wp\/v2\/product_cat?post=1402"},{"taxonomy":"product_tag","embeddable":true,"href":"https:\/\/www.mundilibros.cl\/web\/wp-json\/wp\/v2\/product_tag?post=1402"}],"curies":[{"name":"wp","href":"https:\/\/api.w.org\/{rel}","templated":true}]}}