{"id":1410,"date":"2025-11-14T19:24:24","date_gmt":"2025-11-14T19:24:24","guid":{"rendered":"https:\/\/www.mundilibros.cl\/web\/?post_type=product&#038;p=1410"},"modified":"2025-11-14T19:25:02","modified_gmt":"2025-11-14T19:25:02","slug":"habitos-atomicos","status":"publish","type":"product","link":"https:\/\/www.mundilibros.cl\/web\/producto\/habitos-atomicos\/","title":{"rendered":"HABITOS ATOMICOS"},"content":{"rendered":"<p>H\u00c1BITOS AT\u00d3MICOS parte de una simple pero poderosa pregunta: \u00bfC\u00f3mo podemos vivir mejor? Sabemos que unos buenos h\u00e1bitos nos permiten mejorar significativamente nuestra vida, pero con frecuencia nos desviamos del camino: dejamos de hacer ejercicio, comemos mal, dormimos poco, despilfarramos. \u00bfPor qu\u00e9 es tan f\u00e1cil caer en los malos h\u00e1bitos y tan complicado seguir los buenos?<br \/>\nJames Clear nos brinda fant\u00e1sticas ideas basadas en investigaciones cient\u00edficas, que le permiten revelarnos c\u00f3mo podemos transformar peque\u00f1os h\u00e1bitos cotidianos para cambiar nuestra vida y mejorarla. Esta gu\u00eda pone al descubierto las fuerzas ocultas que moldean nuestro comportamiento<br \/>\n\u2014desde nuestra mentalidad, pasando por el ambiente y hasta la gen\u00e9tica\u2014 y nos demuestra c\u00f3mo aplicar cada cambio a nuestra vida y a nuestro trabajo. Despu\u00e9s de leer este libro, tendr\u00e1s un m\u00e9todo sencillo<br \/>\npara desarrollar un sistema eficaz que te conducir\u00e1 al \u00e9xito.<\/p>\n<p>Aprende c\u00f3mo\u2026<br \/>\n\u2022 Darte tiempo para desarrollar nuevos h\u00e1bitos<br \/>\n\u2022 Superar la falta de motivaci\u00f3n y de fuerza de voluntad<br \/>\n\u2022 Dise\u00f1ar un ambiente para que el \u00e9xito sea f\u00e1cil de alcanzar<br \/>\n\u2022 Regresar al buen camino cuando te hayas desviado un poco<\/p>\n","protected":false},"excerpt":{"rendered":"<p>H\u00c1BITOS AT\u00d3MICOS parte de una simple pero poderosa pregunta: \u00bfC\u00f3mo podemos vivir mejor? Sabemos que unos buenos h\u00e1bitos nos permiten mejorar significativamente nuestra vida, pero con<span class=\"excerpt-hellip\"> [\u2026]<\/span><\/p>\n","protected":false},"featured_media":1425,"comment_status":"closed","ping_status":"closed","template":"","meta":[],"product_brand":[],"product_cat":[46],"product_tag":[],"class_list":{"0":"post-1410","1":"product","2":"type-product","3":"status-publish","4":"has-post-thumbnail","6":"product_cat-autoayuda","8":"first","9":"outofstock","10":"sale","11":"taxable","12":"shipping-taxable","13":"purchasable","14":"product-type-simple"},"_links":{"self":[{"href":"https:\/\/www.mundilibros.cl\/web\/wp-json\/wp\/v2\/product\/1410","targetHints":{"allow":["GET"]}}],"collection":[{"href":"https:\/\/www.mundilibros.cl\/web\/wp-json\/wp\/v2\/product"}],"about":[{"href":"https:\/\/www.mundilibros.cl\/web\/wp-json\/wp\/v2\/types\/product"}],"replies":[{"embeddable":true,"href":"https:\/\/www.mundilibros.cl\/web\/wp-json\/wp\/v2\/comments?post=1410"}],"wp:featuredmedia":[{"embeddable":true,"href":"https:\/\/www.mundilibros.cl\/web\/wp-json\/wp\/v2\/media\/1425"}],"wp:attachment":[{"href":"https:\/\/www.mundilibros.cl\/web\/wp-json\/wp\/v2\/media?parent=1410"}],"wp:term":[{"taxonomy":"product_brand","embeddable":true,"href":"https:\/\/www.mundilibros.cl\/web\/wp-json\/wp\/v2\/product_brand?post=1410"},{"taxonomy":"product_cat","embeddable":true,"href":"https:\/\/www.mundilibros.cl\/web\/wp-json\/wp\/v2\/product_cat?post=1410"},{"taxonomy":"product_tag","embeddable":true,"href":"https:\/\/www.mundilibros.cl\/web\/wp-json\/wp\/v2\/product_tag?post=1410"}],"curies":[{"name":"wp","href":"https:\/\/api.w.org\/{rel}","templated":true}]}}