{"id":1411,"date":"2025-11-14T19:24:24","date_gmt":"2025-11-14T19:24:24","guid":{"rendered":"https:\/\/www.mundilibros.cl\/web\/?post_type=product&#038;p=1411"},"modified":"2025-11-14T19:25:07","modified_gmt":"2025-11-14T19:25:07","slug":"el-color-de-las-cosas-invisibles","status":"publish","type":"product","link":"https:\/\/www.mundilibros.cl\/web\/producto\/el-color-de-las-cosas-invisibles\/","title":{"rendered":"EL COLOR DE LAS COSAS INVISIBLES"},"content":{"rendered":"<p>Un enemies-to-lovers que te har\u00e1 creer en el amor.<\/p>\n<p>Rain y Jack se odian.<br \/>\nRain y Jack pertenecen a planetas distintos.<br \/>\nRain y Jack no pueden tener menos cosas en com\u00fan.<br \/>\nY, sin embargo, no dejan de cruzarse.<br \/>\nUna y otra vez.<br \/>\nPrimero en el instituto, luego en un concierto e, inesperadamente, tambi\u00e9n unos a\u00f1os despu\u00e9s, cuando ya cre\u00edan que no volver\u00edan a encontrarse. Incluso se ven empujados a compartir una noche en una casa perdida en mitad del bosque.<br \/>\nRain piensa que las casualidades no existen.<br \/>\nJack, que las causalidades no lo explican todo.<br \/>\nLos dos quieren tener raz\u00f3n. Y los dos saben que se equivocan.<br \/>\nY ambos intuyen que, sea cual sea la verdad, cuando se trata de amor no hay teor\u00eda cient\u00edfica que haga entender el mecanismo de un coraz\u00f3n cuando otro lo sacude.<\/p>\n","protected":false},"excerpt":{"rendered":"<p>Un enemies-to-lovers que te har\u00e1 creer en el amor. Rain y Jack se odian. Rain y Jack pertenecen a planetas distintos. Rain y Jack no pueden<span class=\"excerpt-hellip\"> [\u2026]<\/span><\/p>\n","protected":false},"featured_media":1426,"comment_status":"closed","ping_status":"closed","template":"","meta":[],"product_brand":[],"product_cat":[58],"product_tag":[],"class_list":{"0":"post-1411","1":"product","2":"type-product","3":"status-publish","4":"has-post-thumbnail","6":"product_cat-juvenil","8":"first","9":"outofstock","10":"taxable","11":"shipping-taxable","12":"purchasable","13":"product-type-simple"},"_links":{"self":[{"href":"https:\/\/www.mundilibros.cl\/web\/wp-json\/wp\/v2\/product\/1411","targetHints":{"allow":["GET"]}}],"collection":[{"href":"https:\/\/www.mundilibros.cl\/web\/wp-json\/wp\/v2\/product"}],"about":[{"href":"https:\/\/www.mundilibros.cl\/web\/wp-json\/wp\/v2\/types\/product"}],"replies":[{"embeddable":true,"href":"https:\/\/www.mundilibros.cl\/web\/wp-json\/wp\/v2\/comments?post=1411"}],"wp:featuredmedia":[{"embeddable":true,"href":"https:\/\/www.mundilibros.cl\/web\/wp-json\/wp\/v2\/media\/1426"}],"wp:attachment":[{"href":"https:\/\/www.mundilibros.cl\/web\/wp-json\/wp\/v2\/media?parent=1411"}],"wp:term":[{"taxonomy":"product_brand","embeddable":true,"href":"https:\/\/www.mundilibros.cl\/web\/wp-json\/wp\/v2\/product_brand?post=1411"},{"taxonomy":"product_cat","embeddable":true,"href":"https:\/\/www.mundilibros.cl\/web\/wp-json\/wp\/v2\/product_cat?post=1411"},{"taxonomy":"product_tag","embeddable":true,"href":"https:\/\/www.mundilibros.cl\/web\/wp-json\/wp\/v2\/product_tag?post=1411"}],"curies":[{"name":"wp","href":"https:\/\/api.w.org\/{rel}","templated":true}]}}