{"id":1412,"date":"2025-11-14T19:24:24","date_gmt":"2025-11-14T19:24:24","guid":{"rendered":"https:\/\/www.mundilibros.cl\/web\/?post_type=product&#038;p=1412"},"modified":"2025-11-14T19:25:12","modified_gmt":"2025-11-14T19:25:12","slug":"caso-relojes","status":"publish","type":"product","link":"https:\/\/www.mundilibros.cl\/web\/producto\/caso-relojes\/","title":{"rendered":"CASO RELOJES"},"content":{"rendered":"<div class=\"frase-mkt\">\n<p>No todo lo que brilla es oro.<\/p>\n<p>Descubre los secretos y sabrosos detalles\u00a0que revela el intrigante caso de relojes.<\/p>\n<\/div>\n<p>El llamado \u201ccaso relojes\u201d arranca el a\u00f1o 2017 cuando una sospechosa es sorprendida en el\u00a0aeropuerto internacional de Santiago con una carga de joyas y relojes de lujo de dudosa\u00a0procedencia. A partir del interrogatorio y sus declaraciones, se comienza a seguir un hilo\u00a0delictual que involucra a reconocidos rostros de la far\u00e1ndula y el espect\u00e1culo, con una red<br \/>\nde lanzas profesionalizados en el extranjero y un amplio grupo de mediadores como una\u00a0agencia de viajes o distintas joyer\u00edas de la capital, todos dedicados a mover especies de\u00a0precios millonarios para reducir en Chile.<\/p>\n<p>Un caso que ha llamado la atenci\u00f3n tambi\u00e9n por sus extravagantes protagonistas: un gur\u00fa\u00a0farandulero, el mism\u00edsimo \u201cRey del oro\u201d y una modelo de televisi\u00f3n, sujetos que los periodistas\u00a0Laura Landaeta y Diego Ortiz han investigado en detalle para revelar c\u00f3mo operan\u00a0los intrincados hilos detr\u00e1s de esta red de lanzas internacionales.<\/p>\n","protected":false},"excerpt":{"rendered":"<p>No todo lo que brilla es oro. Descubre los secretos y sabrosos detalles\u00a0que revela el intrigante caso de relojes. El llamado \u201ccaso relojes\u201d arranca el a\u00f1o<span class=\"excerpt-hellip\"> [\u2026]<\/span><\/p>\n","protected":false},"featured_media":1432,"comment_status":"closed","ping_status":"closed","template":"","meta":[],"product_brand":[],"product_cat":[86],"product_tag":[],"class_list":{"0":"post-1412","1":"product","2":"type-product","3":"status-publish","4":"has-post-thumbnail","6":"product_cat-investigacion-periodistica","8":"first","9":"outofstock","10":"sale","11":"taxable","12":"shipping-taxable","13":"purchasable","14":"product-type-simple"},"_links":{"self":[{"href":"https:\/\/www.mundilibros.cl\/web\/wp-json\/wp\/v2\/product\/1412","targetHints":{"allow":["GET"]}}],"collection":[{"href":"https:\/\/www.mundilibros.cl\/web\/wp-json\/wp\/v2\/product"}],"about":[{"href":"https:\/\/www.mundilibros.cl\/web\/wp-json\/wp\/v2\/types\/product"}],"replies":[{"embeddable":true,"href":"https:\/\/www.mundilibros.cl\/web\/wp-json\/wp\/v2\/comments?post=1412"}],"wp:featuredmedia":[{"embeddable":true,"href":"https:\/\/www.mundilibros.cl\/web\/wp-json\/wp\/v2\/media\/1432"}],"wp:attachment":[{"href":"https:\/\/www.mundilibros.cl\/web\/wp-json\/wp\/v2\/media?parent=1412"}],"wp:term":[{"taxonomy":"product_brand","embeddable":true,"href":"https:\/\/www.mundilibros.cl\/web\/wp-json\/wp\/v2\/product_brand?post=1412"},{"taxonomy":"product_cat","embeddable":true,"href":"https:\/\/www.mundilibros.cl\/web\/wp-json\/wp\/v2\/product_cat?post=1412"},{"taxonomy":"product_tag","embeddable":true,"href":"https:\/\/www.mundilibros.cl\/web\/wp-json\/wp\/v2\/product_tag?post=1412"}],"curies":[{"name":"wp","href":"https:\/\/api.w.org\/{rel}","templated":true}]}}