{"id":1420,"date":"2025-11-14T19:24:46","date_gmt":"2025-11-14T19:24:46","guid":{"rendered":"https:\/\/www.mundilibros.cl\/web\/?post_type=product&#038;p=1420"},"modified":"2025-11-27T19:25:52","modified_gmt":"2025-11-27T19:25:52","slug":"el-perfume-del-rey","status":"publish","type":"product","link":"https:\/\/www.mundilibros.cl\/web\/producto\/el-perfume-del-rey\/","title":{"rendered":"EL PERFUME DEL REY"},"content":{"rendered":"<div class=\"frase-mkt\">\n<p>La novela rom\u00e1ntica de monarqu\u00eda que ha cautivado el coraz\u00f3n de m\u00e1s de 19 millones de lectores<\/p>\n<\/div>\n<p><strong><em>Entre el poder y el amor\u00a0<\/em><em>hay una l\u00ednea peligrosa<\/em><\/strong><\/p>\n<p>Emily Malhore, hija de los perfumistas m\u00e1s famosos del reino de Mishnock, llevaba una vida tranquila entre las flores de su jard\u00edn, sus amigas y sus tutor\u00edas, por eso jam\u00e1s imagin\u00f3 que el pr\u00edncipe Stefan se fijar\u00eda en ella, convirti\u00e9ndola en el centro de atenci\u00f3n de su pueblo y del enemigo.<\/p>\n<p>Emily no podr\u00e1 escapar de un destino que la guiar\u00e1 hasta las entra\u00f1as de una monarqu\u00eda injusta y al reino de Lacrontte, el hogar del hombre a quien desde peque\u00f1a le ense\u00f1aron a odiar y por quien su naci\u00f3n ha sufrido a\u00f1os de crueldad y mentiras.<\/p>\n<p>Atrapada en un juego de poder en el que parece ser una simple ficha intercambiable, Emily sobrepasar\u00e1 los l\u00edmites de su car\u00e1cter d\u00f3cil, pondr\u00e1 en duda su b\u00fasqueda por una vida pac\u00edfica e incluso cuestionar\u00e1 la lealtad de su coraz\u00f3n enamorado para descubrir qui\u00e9n es su verdadero adversario.<\/p>\n","protected":false},"excerpt":{"rendered":"<p>La novela rom\u00e1ntica de monarqu\u00eda que ha cautivado el coraz\u00f3n de m\u00e1s de 19 millones de lectores Entre el poder y el amor\u00a0hay una l\u00ednea peligrosa<span class=\"excerpt-hellip\"> [\u2026]<\/span><\/p>\n","protected":false},"featured_media":1440,"comment_status":"closed","ping_status":"closed","template":"","meta":[],"product_brand":[],"product_cat":[58],"product_tag":[],"class_list":{"0":"post-1420","1":"product","2":"type-product","3":"status-publish","4":"has-post-thumbnail","6":"product_cat-juvenil","8":"first","9":"outofstock","10":"sale","11":"taxable","12":"shipping-taxable","13":"purchasable","14":"product-type-simple"},"_links":{"self":[{"href":"https:\/\/www.mundilibros.cl\/web\/wp-json\/wp\/v2\/product\/1420","targetHints":{"allow":["GET"]}}],"collection":[{"href":"https:\/\/www.mundilibros.cl\/web\/wp-json\/wp\/v2\/product"}],"about":[{"href":"https:\/\/www.mundilibros.cl\/web\/wp-json\/wp\/v2\/types\/product"}],"replies":[{"embeddable":true,"href":"https:\/\/www.mundilibros.cl\/web\/wp-json\/wp\/v2\/comments?post=1420"}],"wp:featuredmedia":[{"embeddable":true,"href":"https:\/\/www.mundilibros.cl\/web\/wp-json\/wp\/v2\/media\/1440"}],"wp:attachment":[{"href":"https:\/\/www.mundilibros.cl\/web\/wp-json\/wp\/v2\/media?parent=1420"}],"wp:term":[{"taxonomy":"product_brand","embeddable":true,"href":"https:\/\/www.mundilibros.cl\/web\/wp-json\/wp\/v2\/product_brand?post=1420"},{"taxonomy":"product_cat","embeddable":true,"href":"https:\/\/www.mundilibros.cl\/web\/wp-json\/wp\/v2\/product_cat?post=1420"},{"taxonomy":"product_tag","embeddable":true,"href":"https:\/\/www.mundilibros.cl\/web\/wp-json\/wp\/v2\/product_tag?post=1420"}],"curies":[{"name":"wp","href":"https:\/\/api.w.org\/{rel}","templated":true}]}}