{"id":1421,"date":"2025-11-14T19:24:46","date_gmt":"2025-11-14T19:24:46","guid":{"rendered":"https:\/\/www.mundilibros.cl\/web\/?post_type=product&#038;p=1421"},"modified":"2026-02-05T20:41:06","modified_gmt":"2026-02-05T20:41:06","slug":"si-lo-crees-lo-creas","status":"publish","type":"product","link":"https:\/\/www.mundilibros.cl\/web\/producto\/si-lo-crees-lo-creas\/","title":{"rendered":"SI LO CREES LO CREAS"},"content":{"rendered":"<p>Dejar ir los pensamientos negativos es uno de los pasos m\u00e1s importantes para vivir una vida exitosa y satisfactoria, pero tambi\u00e9n el m\u00e1s dif\u00edcil. En esta pr\u00e1ctica gu\u00eda, el autor best seller Brian Tracy y la psicoterapeuta Christina Stein presentan su programa \u00abPsicolog\u00eda del logro\u00bb para ayudarte a identificar y superar patrones e ideas perjudiciales que te impiden alcanzar tus metas o sentirte feliz y satisfecho en tu vida. Tracy y Stein te ayudan a reconocer c\u00f3mo la negatividad consciente (y muchas veces inconsciente) afecta tu personalidad, tu perspectiva y tus decisiones, y te muestran c\u00f3mo recuperar el control de tus pensamientos, sentimientos y acciones para convertir lo negativo en positivo y aprender a aceptar cambios de vida inesperados.<\/p>\n","protected":false},"excerpt":{"rendered":"<p>Dejar ir los pensamientos negativos es uno de los pasos m\u00e1s importantes para vivir una vida exitosa y satisfactoria, pero tambi\u00e9n el m\u00e1s dif\u00edcil. En esta<span class=\"excerpt-hellip\"> [\u2026]<\/span><\/p>\n","protected":false},"featured_media":1595,"comment_status":"closed","ping_status":"closed","template":"","meta":[],"product_brand":[],"product_cat":[15],"product_tag":[],"class_list":{"0":"post-1421","1":"product","2":"type-product","3":"status-publish","4":"has-post-thumbnail","6":"product_cat-suspenso-thriller","8":"first","9":"outofstock","10":"taxable","11":"shipping-taxable","12":"purchasable","13":"product-type-simple"},"_links":{"self":[{"href":"https:\/\/www.mundilibros.cl\/web\/wp-json\/wp\/v2\/product\/1421","targetHints":{"allow":["GET"]}}],"collection":[{"href":"https:\/\/www.mundilibros.cl\/web\/wp-json\/wp\/v2\/product"}],"about":[{"href":"https:\/\/www.mundilibros.cl\/web\/wp-json\/wp\/v2\/types\/product"}],"replies":[{"embeddable":true,"href":"https:\/\/www.mundilibros.cl\/web\/wp-json\/wp\/v2\/comments?post=1421"}],"wp:featuredmedia":[{"embeddable":true,"href":"https:\/\/www.mundilibros.cl\/web\/wp-json\/wp\/v2\/media\/1595"}],"wp:attachment":[{"href":"https:\/\/www.mundilibros.cl\/web\/wp-json\/wp\/v2\/media?parent=1421"}],"wp:term":[{"taxonomy":"product_brand","embeddable":true,"href":"https:\/\/www.mundilibros.cl\/web\/wp-json\/wp\/v2\/product_brand?post=1421"},{"taxonomy":"product_cat","embeddable":true,"href":"https:\/\/www.mundilibros.cl\/web\/wp-json\/wp\/v2\/product_cat?post=1421"},{"taxonomy":"product_tag","embeddable":true,"href":"https:\/\/www.mundilibros.cl\/web\/wp-json\/wp\/v2\/product_tag?post=1421"}],"curies":[{"name":"wp","href":"https:\/\/api.w.org\/{rel}","templated":true}]}}