{"id":1427,"date":"2025-11-14T19:25:09","date_gmt":"2025-11-14T19:25:09","guid":{"rendered":"https:\/\/www.mundilibros.cl\/web\/?post_type=product&#038;p=1427"},"modified":"2025-11-14T19:25:44","modified_gmt":"2025-11-14T19:25:44","slug":"la-teoria-del-amor","status":"publish","type":"product","link":"https:\/\/www.mundilibros.cl\/web\/producto\/la-teoria-del-amor\/","title":{"rendered":"LA TEORIA DEL AMOR"},"content":{"rendered":"<div class=\"product attribute description\">\n<p>Elsie Hannaway lleva una doble vida como profesora adjunta de f\u00edsica te\u00f3rica durante el d\u00eda y como novia falsa por las noches para complementar sus ingresos. Sin embargo, su mundo se desmorona cuando descubre que el hermano de uno de sus clientes, es un f\u00edsico experimentalista que arruin\u00f3 la carrera de su mentor. A pesar de su deseo de sabotearlo acad\u00e9micamente, Elsie se encuentra atra\u00edda por \u00e9l y cuestiona sus propias teor\u00edas sobre el amor.<\/p>\n<\/div>\n<div class=\"product attribute overview\">\n<div class=\"value std\">\n<p>Para lectores que aman el romance con toques de humor.<\/p>\n<\/div>\n<\/div>\n","protected":false},"excerpt":{"rendered":"<p>Elsie Hannaway lleva una doble vida como profesora adjunta de f\u00edsica te\u00f3rica durante el d\u00eda y como novia falsa por las noches para complementar sus ingresos.<span class=\"excerpt-hellip\"> [\u2026]<\/span><\/p>\n","protected":false},"featured_media":1442,"comment_status":"closed","ping_status":"closed","template":"","meta":[],"product_brand":[],"product_cat":[58],"product_tag":[],"class_list":{"0":"post-1427","1":"product","2":"type-product","3":"status-publish","4":"has-post-thumbnail","6":"product_cat-juvenil","8":"first","9":"instock","10":"sale","11":"taxable","12":"shipping-taxable","13":"purchasable","14":"product-type-simple"},"_links":{"self":[{"href":"https:\/\/www.mundilibros.cl\/web\/wp-json\/wp\/v2\/product\/1427","targetHints":{"allow":["GET"]}}],"collection":[{"href":"https:\/\/www.mundilibros.cl\/web\/wp-json\/wp\/v2\/product"}],"about":[{"href":"https:\/\/www.mundilibros.cl\/web\/wp-json\/wp\/v2\/types\/product"}],"replies":[{"embeddable":true,"href":"https:\/\/www.mundilibros.cl\/web\/wp-json\/wp\/v2\/comments?post=1427"}],"wp:featuredmedia":[{"embeddable":true,"href":"https:\/\/www.mundilibros.cl\/web\/wp-json\/wp\/v2\/media\/1442"}],"wp:attachment":[{"href":"https:\/\/www.mundilibros.cl\/web\/wp-json\/wp\/v2\/media?parent=1427"}],"wp:term":[{"taxonomy":"product_brand","embeddable":true,"href":"https:\/\/www.mundilibros.cl\/web\/wp-json\/wp\/v2\/product_brand?post=1427"},{"taxonomy":"product_cat","embeddable":true,"href":"https:\/\/www.mundilibros.cl\/web\/wp-json\/wp\/v2\/product_cat?post=1427"},{"taxonomy":"product_tag","embeddable":true,"href":"https:\/\/www.mundilibros.cl\/web\/wp-json\/wp\/v2\/product_tag?post=1427"}],"curies":[{"name":"wp","href":"https:\/\/api.w.org\/{rel}","templated":true}]}}