{"id":1430,"date":"2025-11-14T19:25:09","date_gmt":"2025-11-14T19:25:09","guid":{"rendered":"https:\/\/www.mundilibros.cl\/web\/?post_type=product&#038;p=1430"},"modified":"2025-11-14T19:25:57","modified_gmt":"2025-11-14T19:25:57","slug":"la-mujer-que-soy-britney-spears","status":"publish","type":"product","link":"https:\/\/www.mundilibros.cl\/web\/producto\/la-mujer-que-soy-britney-spears\/","title":{"rendered":"LA MUJER QUE SOY . BRITNEY SPEARS"},"content":{"rendered":"<p><i><b>La mujer que soy<\/b><\/i><b> es una historia valiente y asombrosamente conmovedora sobre la libertad, la fama, la maternidad, la supervivencia, la fe y la esperanza.<\/b><\/p>\n<p>En junio de 2021, el mundo entero escuch\u00f3 hablar a <b>Britney Spears <\/b>en una audiencia p\u00fablica. El impacto que caus\u00f3 al compartir su voz, su verdad, fue innegable, y cambi\u00f3 el rumbo de su vida y el de la de infinidad de personas. <i>La mujer que soy<\/i> revela por primera vez la incre\u00edble peripecia vital y la fuerza interior de una de las mejores artistas de la historia de la m\u00fasica pop.<\/p>\n<p>Escritas con una franqueza y un humor extraordinarios, las impactantes memorias de Spears ilustran el poder imperecedero de la m\u00fasica y el amor, y la importancia de que una mujer, por fin, cuente su propia historia, en sus propios terminos.<\/p>\n","protected":false},"excerpt":{"rendered":"<p>La mujer que soy es una historia valiente y asombrosamente conmovedora sobre la libertad, la fama, la maternidad, la supervivencia, la fe y la esperanza. En<span class=\"excerpt-hellip\"> [\u2026]<\/span><\/p>\n","protected":false},"featured_media":1450,"comment_status":"closed","ping_status":"closed","template":"","meta":[],"product_brand":[],"product_cat":[48],"product_tag":[],"class_list":{"0":"post-1430","1":"product","2":"type-product","3":"status-publish","4":"has-post-thumbnail","6":"product_cat-biografias","8":"first","9":"outofstock","10":"sale","11":"taxable","12":"shipping-taxable","13":"purchasable","14":"product-type-simple"},"_links":{"self":[{"href":"https:\/\/www.mundilibros.cl\/web\/wp-json\/wp\/v2\/product\/1430","targetHints":{"allow":["GET"]}}],"collection":[{"href":"https:\/\/www.mundilibros.cl\/web\/wp-json\/wp\/v2\/product"}],"about":[{"href":"https:\/\/www.mundilibros.cl\/web\/wp-json\/wp\/v2\/types\/product"}],"replies":[{"embeddable":true,"href":"https:\/\/www.mundilibros.cl\/web\/wp-json\/wp\/v2\/comments?post=1430"}],"wp:featuredmedia":[{"embeddable":true,"href":"https:\/\/www.mundilibros.cl\/web\/wp-json\/wp\/v2\/media\/1450"}],"wp:attachment":[{"href":"https:\/\/www.mundilibros.cl\/web\/wp-json\/wp\/v2\/media?parent=1430"}],"wp:term":[{"taxonomy":"product_brand","embeddable":true,"href":"https:\/\/www.mundilibros.cl\/web\/wp-json\/wp\/v2\/product_brand?post=1430"},{"taxonomy":"product_cat","embeddable":true,"href":"https:\/\/www.mundilibros.cl\/web\/wp-json\/wp\/v2\/product_cat?post=1430"},{"taxonomy":"product_tag","embeddable":true,"href":"https:\/\/www.mundilibros.cl\/web\/wp-json\/wp\/v2\/product_tag?post=1430"}],"curies":[{"name":"wp","href":"https:\/\/api.w.org\/{rel}","templated":true}]}}