{"id":1431,"date":"2025-11-14T19:25:09","date_gmt":"2025-11-14T19:25:09","guid":{"rendered":"https:\/\/www.mundilibros.cl\/web\/?post_type=product&#038;p=1431"},"modified":"2025-11-14T19:26:04","modified_gmt":"2025-11-14T19:26:04","slug":"holly","status":"publish","type":"product","link":"https:\/\/www.mundilibros.cl\/web\/producto\/holly\/","title":{"rendered":"HOLLY"},"content":{"rendered":"<p>Cuando Penny Dahl contacta con Finders Keepers para que la ayuden a encontrar a su hija, algo en la voz desesperada de la mujer hace que Holly Gibney se vea obligada a aceptar el trabajo. A poca distancia del lugar en el que Bonnie Dahl desapareci\u00f3, viven los profesores Rodney y Emily Harris. Son la quintaesencia de la respetabilidad burguesa: un matrimonio octogenario y dedicado de acad\u00e9micos semiretirados. Nadie dir\u00eda que, en el s\u00f3tano de su impecable casa forrada de libros, esconden un secreto directamente relacionado con la desaparici\u00f3n de Bonnie. Son astutos, pacientes y despiadados, y obligar\u00e1n a Holly a emplear sus habilidades al m\u00e1ximo y a arriesgarlo todo si quiere cerrar el caso m\u00e1s oscuro al que se ha enfrentado jam\u00e1s.<\/p>\n","protected":false},"excerpt":{"rendered":"<p>Cuando Penny Dahl contacta con Finders Keepers para que la ayuden a encontrar a su hija, algo en la voz desesperada de la mujer hace que<span class=\"excerpt-hellip\"> [\u2026]<\/span><\/p>\n","protected":false},"featured_media":1451,"comment_status":"closed","ping_status":"closed","template":"","meta":[],"product_brand":[],"product_cat":[29],"product_tag":[],"class_list":{"0":"post-1431","1":"product","2":"type-product","3":"status-publish","4":"has-post-thumbnail","6":"product_cat-suspenso-terror","8":"first","9":"outofstock","10":"taxable","11":"shipping-taxable","12":"purchasable","13":"product-type-simple"},"_links":{"self":[{"href":"https:\/\/www.mundilibros.cl\/web\/wp-json\/wp\/v2\/product\/1431","targetHints":{"allow":["GET"]}}],"collection":[{"href":"https:\/\/www.mundilibros.cl\/web\/wp-json\/wp\/v2\/product"}],"about":[{"href":"https:\/\/www.mundilibros.cl\/web\/wp-json\/wp\/v2\/types\/product"}],"replies":[{"embeddable":true,"href":"https:\/\/www.mundilibros.cl\/web\/wp-json\/wp\/v2\/comments?post=1431"}],"wp:featuredmedia":[{"embeddable":true,"href":"https:\/\/www.mundilibros.cl\/web\/wp-json\/wp\/v2\/media\/1451"}],"wp:attachment":[{"href":"https:\/\/www.mundilibros.cl\/web\/wp-json\/wp\/v2\/media?parent=1431"}],"wp:term":[{"taxonomy":"product_brand","embeddable":true,"href":"https:\/\/www.mundilibros.cl\/web\/wp-json\/wp\/v2\/product_brand?post=1431"},{"taxonomy":"product_cat","embeddable":true,"href":"https:\/\/www.mundilibros.cl\/web\/wp-json\/wp\/v2\/product_cat?post=1431"},{"taxonomy":"product_tag","embeddable":true,"href":"https:\/\/www.mundilibros.cl\/web\/wp-json\/wp\/v2\/product_tag?post=1431"}],"curies":[{"name":"wp","href":"https:\/\/api.w.org\/{rel}","templated":true}]}}