{"id":1436,"date":"2025-11-14T19:25:30","date_gmt":"2025-11-14T19:25:30","guid":{"rendered":"https:\/\/www.mundilibros.cl\/web\/?post_type=product&#038;p=1436"},"modified":"2025-11-14T19:26:09","modified_gmt":"2025-11-14T19:26:09","slug":"10-000-millas-para-encontrarte","status":"publish","type":"product","link":"https:\/\/www.mundilibros.cl\/web\/producto\/10-000-millas-para-encontrarte\/","title":{"rendered":"10.000 MILLAS PARA ENCONTRARTE"},"content":{"rendered":"<p align=\"JUSTIFY\">Despu\u00e9s de poner un oc\u00e9ano de distancia entre los dos, Alex y Nikki descubrir\u00e1n que no es tan sencillo mantenerse alejados, sobre todo cuando a su atracci\u00f3n se le una un peligro capaz de acabar con todo\u2026, incluso con sus vidas.<br \/>\n\u00bfQu\u00e9 esconde Alex en Londres? \u00bfCu\u00e1l es la verdadera historia de la familia de Nikki? \u00bfSe puede poner l\u00edmites a la pasi\u00f3n? \u00bfO hay historias donde el amor es m\u00e1s fuerte que la distancia?<\/p>\n<p align=\"JUSTIFY\">\u00abSI LO NUESTRO FUE UN ERROR, QUIERO EQUIVOCARME CONTIGO CADA SEGUNDO DE MI VIDA\u00bb.<\/p>\n","protected":false},"excerpt":{"rendered":"<p>Despu\u00e9s de poner un oc\u00e9ano de distancia entre los dos, Alex y Nikki descubrir\u00e1n que no es tan sencillo mantenerse alejados, sobre todo cuando a su<span class=\"excerpt-hellip\"> [\u2026]<\/span><\/p>\n","protected":false},"featured_media":1452,"comment_status":"closed","ping_status":"closed","template":"","meta":[],"product_brand":[],"product_cat":[58],"product_tag":[],"class_list":{"0":"post-1436","1":"product","2":"type-product","3":"status-publish","4":"has-post-thumbnail","6":"product_cat-juvenil","8":"first","9":"outofstock","10":"sale","11":"taxable","12":"shipping-taxable","13":"purchasable","14":"product-type-simple"},"_links":{"self":[{"href":"https:\/\/www.mundilibros.cl\/web\/wp-json\/wp\/v2\/product\/1436","targetHints":{"allow":["GET"]}}],"collection":[{"href":"https:\/\/www.mundilibros.cl\/web\/wp-json\/wp\/v2\/product"}],"about":[{"href":"https:\/\/www.mundilibros.cl\/web\/wp-json\/wp\/v2\/types\/product"}],"replies":[{"embeddable":true,"href":"https:\/\/www.mundilibros.cl\/web\/wp-json\/wp\/v2\/comments?post=1436"}],"wp:featuredmedia":[{"embeddable":true,"href":"https:\/\/www.mundilibros.cl\/web\/wp-json\/wp\/v2\/media\/1452"}],"wp:attachment":[{"href":"https:\/\/www.mundilibros.cl\/web\/wp-json\/wp\/v2\/media?parent=1436"}],"wp:term":[{"taxonomy":"product_brand","embeddable":true,"href":"https:\/\/www.mundilibros.cl\/web\/wp-json\/wp\/v2\/product_brand?post=1436"},{"taxonomy":"product_cat","embeddable":true,"href":"https:\/\/www.mundilibros.cl\/web\/wp-json\/wp\/v2\/product_cat?post=1436"},{"taxonomy":"product_tag","embeddable":true,"href":"https:\/\/www.mundilibros.cl\/web\/wp-json\/wp\/v2\/product_tag?post=1436"}],"curies":[{"name":"wp","href":"https:\/\/api.w.org\/{rel}","templated":true}]}}