{"id":1438,"date":"2025-11-14T19:25:30","date_gmt":"2025-11-14T19:25:30","guid":{"rendered":"https:\/\/www.mundilibros.cl\/web\/?post_type=product&#038;p=1438"},"modified":"2025-11-14T19:26:24","modified_gmt":"2025-11-14T19:26:24","slug":"las-luces-de-febrero","status":"publish","type":"product","link":"https:\/\/www.mundilibros.cl\/web\/producto\/las-luces-de-febrero\/","title":{"rendered":"LAS LUCES DE FEBRERO"},"content":{"rendered":"<p>Ellie Ross vive por y para el baloncesto.<\/p>\n<p>\u00bfSu objetivo? Ser la primera chica en el equipo de su ciudad.<\/p>\n<p>\u00bfSu mayor obst\u00e1culo? V\u00edctor, con quien no habla desde los quince a\u00f1os y con quien, desde luego, no termin\u00f3 nada bien.<\/p>\n<p>Jay Ross vive por y para su familia.<\/p>\n<p>\u00bfSu objetivo? Encontrar cu\u00e1l es su prop\u00f3sito de una vez por todas.<\/p>\n<p>\u00bfSu mayor obst\u00e1culo? El nuevo cuidador de su abuela: el despreocupado y odiosamente perfecto Nolan.<\/p>\n<p>Del amor al odio hay solo un paso, pero del odio al amor hay un camino muy largo. Uno lleno de crisis existenciales y pelotazos en la cabeza.<\/p>\n<p>Y, como cada a\u00f1o, las luces de febrero aguardan al final del camino. \u00bfHas pensado ya en tu deseo?<\/p>\n<p>La suerte est\u00e1 echada.<\/p>\n","protected":false},"excerpt":{"rendered":"<p>Ellie Ross vive por y para el baloncesto. \u00bfSu objetivo? Ser la primera chica en el equipo de su ciudad. \u00bfSu mayor obst\u00e1culo? V\u00edctor, con quien<span class=\"excerpt-hellip\"> [\u2026]<\/span><\/p>\n","protected":false},"featured_media":1458,"comment_status":"closed","ping_status":"closed","template":"","meta":[],"product_brand":[],"product_cat":[58],"product_tag":[],"class_list":{"0":"post-1438","1":"product","2":"type-product","3":"status-publish","4":"has-post-thumbnail","6":"product_cat-juvenil","8":"first","9":"outofstock","10":"sale","11":"taxable","12":"shipping-taxable","13":"purchasable","14":"product-type-simple"},"_links":{"self":[{"href":"https:\/\/www.mundilibros.cl\/web\/wp-json\/wp\/v2\/product\/1438","targetHints":{"allow":["GET"]}}],"collection":[{"href":"https:\/\/www.mundilibros.cl\/web\/wp-json\/wp\/v2\/product"}],"about":[{"href":"https:\/\/www.mundilibros.cl\/web\/wp-json\/wp\/v2\/types\/product"}],"replies":[{"embeddable":true,"href":"https:\/\/www.mundilibros.cl\/web\/wp-json\/wp\/v2\/comments?post=1438"}],"wp:featuredmedia":[{"embeddable":true,"href":"https:\/\/www.mundilibros.cl\/web\/wp-json\/wp\/v2\/media\/1458"}],"wp:attachment":[{"href":"https:\/\/www.mundilibros.cl\/web\/wp-json\/wp\/v2\/media?parent=1438"}],"wp:term":[{"taxonomy":"product_brand","embeddable":true,"href":"https:\/\/www.mundilibros.cl\/web\/wp-json\/wp\/v2\/product_brand?post=1438"},{"taxonomy":"product_cat","embeddable":true,"href":"https:\/\/www.mundilibros.cl\/web\/wp-json\/wp\/v2\/product_cat?post=1438"},{"taxonomy":"product_tag","embeddable":true,"href":"https:\/\/www.mundilibros.cl\/web\/wp-json\/wp\/v2\/product_tag?post=1438"}],"curies":[{"name":"wp","href":"https:\/\/api.w.org\/{rel}","templated":true}]}}