{"id":1446,"date":"2025-11-14T19:25:54","date_gmt":"2025-11-14T19:25:54","guid":{"rendered":"https:\/\/www.mundilibros.cl\/web\/?post_type=product&#038;p=1446"},"modified":"2025-11-14T19:26:43","modified_gmt":"2025-11-14T19:26:43","slug":"uno-siempre-cambia-al-amor-de-su-vida-por-otro-amor-o-por-otra-vida","status":"publish","type":"product","link":"https:\/\/www.mundilibros.cl\/web\/producto\/uno-siempre-cambia-al-amor-de-su-vida-por-otro-amor-o-por-otra-vida\/","title":{"rendered":"UNO SIEMPRE CAMBIA AL AMOR DE SU VIDA (POR OTRO AMOR O POR OTRA VIDA)"},"content":{"rendered":"<p>Amalia se enfrenta a un coraz\u00f3n roto\u2026 \u00bfel suyo? Con una mirada positiva, en\u00e9rgica y con toques de humor, construye un kit de primeros auxilios absolutamente interactivo: muy \u00fatil para combatir el desamor a trav\u00e9s de reflexiones, consejos, recetas y montones de listas e ideas ingeniosas capaces de transformar una experiencia negativa en una fuerza liberadora.<\/p>\n<p>Cambiar no es una renuncia sino una promesa, nos dice la autora. Porque si algo no funciona, SIEMPRE habr\u00e1 un nuevo amor o una nueva vida.<\/p>\n<p>Porque en el amor y en el desamor nunca estamos solos.<\/p>\n","protected":false},"excerpt":{"rendered":"<p>Amalia se enfrenta a un coraz\u00f3n roto\u2026 \u00bfel suyo? Con una mirada positiva, en\u00e9rgica y con toques de humor, construye un kit de primeros auxilios absolutamente<span class=\"excerpt-hellip\"> [\u2026]<\/span><\/p>\n","protected":false},"featured_media":1461,"comment_status":"closed","ping_status":"closed","template":"","meta":[],"product_brand":[],"product_cat":[58],"product_tag":[],"class_list":{"0":"post-1446","1":"product","2":"type-product","3":"status-publish","4":"has-post-thumbnail","6":"product_cat-juvenil","8":"first","9":"outofstock","10":"sale","11":"taxable","12":"shipping-taxable","13":"purchasable","14":"product-type-simple"},"_links":{"self":[{"href":"https:\/\/www.mundilibros.cl\/web\/wp-json\/wp\/v2\/product\/1446","targetHints":{"allow":["GET"]}}],"collection":[{"href":"https:\/\/www.mundilibros.cl\/web\/wp-json\/wp\/v2\/product"}],"about":[{"href":"https:\/\/www.mundilibros.cl\/web\/wp-json\/wp\/v2\/types\/product"}],"replies":[{"embeddable":true,"href":"https:\/\/www.mundilibros.cl\/web\/wp-json\/wp\/v2\/comments?post=1446"}],"wp:featuredmedia":[{"embeddable":true,"href":"https:\/\/www.mundilibros.cl\/web\/wp-json\/wp\/v2\/media\/1461"}],"wp:attachment":[{"href":"https:\/\/www.mundilibros.cl\/web\/wp-json\/wp\/v2\/media?parent=1446"}],"wp:term":[{"taxonomy":"product_brand","embeddable":true,"href":"https:\/\/www.mundilibros.cl\/web\/wp-json\/wp\/v2\/product_brand?post=1446"},{"taxonomy":"product_cat","embeddable":true,"href":"https:\/\/www.mundilibros.cl\/web\/wp-json\/wp\/v2\/product_cat?post=1446"},{"taxonomy":"product_tag","embeddable":true,"href":"https:\/\/www.mundilibros.cl\/web\/wp-json\/wp\/v2\/product_tag?post=1446"}],"curies":[{"name":"wp","href":"https:\/\/api.w.org\/{rel}","templated":true}]}}