{"id":1448,"date":"2025-11-14T19:25:54","date_gmt":"2025-11-14T19:25:54","guid":{"rendered":"https:\/\/www.mundilibros.cl\/web\/?post_type=product&#038;p=1448"},"modified":"2025-12-13T14:55:30","modified_gmt":"2025-12-13T14:55:30","slug":"pack-papelucho-12-tomos","status":"publish","type":"product","link":"https:\/\/www.mundilibros.cl\/web\/producto\/pack-papelucho-12-tomos\/","title":{"rendered":"PACK PAPELUCHO (12 TOMOS) + MU\u00d1ECO"},"content":{"rendered":"<p>Biblioteca De Papelucho! lee mis doce libros. vive una experiencia churumbelica! Adem\u00e1s ll\u00e9vate un peluche hecho a mano! Que m\u00e1s fant\u00e1stico que eso!<\/p>\n<p>Hechos a mano en Valpara\u00edso. Edici\u00f3n Especial<br \/>\n12 libros compuestos en total por 1456 p\u00e1ginas,<\/p>\n","protected":false},"excerpt":{"rendered":"<p>Biblioteca De Papelucho! lee mis doce libros. vive una experiencia churumbelica! Adem\u00e1s ll\u00e9vate un peluche hecho a mano! Que m\u00e1s fant\u00e1stico que eso! Hechos a mano<span class=\"excerpt-hellip\"> [\u2026]<\/span><\/p>\n","protected":false},"featured_media":1467,"comment_status":"closed","ping_status":"closed","template":"","meta":[],"product_brand":[],"product_cat":[537],"product_tag":[],"class_list":{"0":"post-1448","1":"product","2":"type-product","3":"status-publish","4":"has-post-thumbnail","6":"product_cat-novedades","8":"first","9":"instock","10":"sale","11":"taxable","12":"shipping-taxable","13":"purchasable","14":"product-type-simple"},"_links":{"self":[{"href":"https:\/\/www.mundilibros.cl\/web\/wp-json\/wp\/v2\/product\/1448","targetHints":{"allow":["GET"]}}],"collection":[{"href":"https:\/\/www.mundilibros.cl\/web\/wp-json\/wp\/v2\/product"}],"about":[{"href":"https:\/\/www.mundilibros.cl\/web\/wp-json\/wp\/v2\/types\/product"}],"replies":[{"embeddable":true,"href":"https:\/\/www.mundilibros.cl\/web\/wp-json\/wp\/v2\/comments?post=1448"}],"wp:featuredmedia":[{"embeddable":true,"href":"https:\/\/www.mundilibros.cl\/web\/wp-json\/wp\/v2\/media\/1467"}],"wp:attachment":[{"href":"https:\/\/www.mundilibros.cl\/web\/wp-json\/wp\/v2\/media?parent=1448"}],"wp:term":[{"taxonomy":"product_brand","embeddable":true,"href":"https:\/\/www.mundilibros.cl\/web\/wp-json\/wp\/v2\/product_brand?post=1448"},{"taxonomy":"product_cat","embeddable":true,"href":"https:\/\/www.mundilibros.cl\/web\/wp-json\/wp\/v2\/product_cat?post=1448"},{"taxonomy":"product_tag","embeddable":true,"href":"https:\/\/www.mundilibros.cl\/web\/wp-json\/wp\/v2\/product_tag?post=1448"}],"curies":[{"name":"wp","href":"https:\/\/api.w.org\/{rel}","templated":true}]}}