{"id":1454,"date":"2025-11-14T19:26:19","date_gmt":"2025-11-14T19:26:19","guid":{"rendered":"https:\/\/www.mundilibros.cl\/web\/?post_type=product&#038;p=1454"},"modified":"2025-11-14T19:27:03","modified_gmt":"2025-11-14T19:27:03","slug":"jaque-mate-al-amor","status":"publish","type":"product","link":"https:\/\/www.mundilibros.cl\/web\/producto\/jaque-mate-al-amor\/","title":{"rendered":"JAQUE MATE AL AMOR"},"content":{"rendered":"<p><strong>De la autora de\u00a0<em>La hip\u00f3tesis del amor y La Teor\u00eda del amor<\/em>, una romcom en la que los caminos de dos rivales del ajedrez se cruzan en una competici\u00f3n donde acabar\u00e1n jug\u00e1ndose el coraz\u00f3n.<\/strong><\/p>\n<p>Para Mallory Greenleaf, el ajedrez ha pasado a mejor vida. Ahora sopesa con cuidado cada decisi\u00f3n que toma: despu\u00e9s de que dicho deporte hiciese estragos en su familia hace cuatro a\u00f1os, Mallory se dedica en exclusiva a su madre, a sus hermanas y a un trabajo basura con el que paga las facturas. Al menos, hasta que accede de mala gana a participar en un \u00faltimo torneo ben\u00e9fico y, sin pretenderlo, machaca al famoso Matarreyes, Nolan Sawyer: el campe\u00f3n mundial y el t\u00edo m\u00e1s malote del ajedrez.<\/p>\n<p>La derrota de Nolan frente a una donnadie de campe\u00f3nato deja de piedra a todo el mundo. Pero lo m\u00e1s desconcertante es que el chico quiere enfrentarse de nuevo a ella. \u00bfQu\u00e9 clase de gambito est\u00e1 poniendo Nolan en pr\u00e1ctica? Para Mallory lo m\u00e1s inteligente ser\u00eda dar media vuelta y marcharse. Abandonar. Dar por finiquitada la partida. Sin embargo, la victoria le brinda la posibilidad de embolsarse unos cuantos premios en met\u00e1lico, algo que buena falta le hace, y, pese a todo, no puede evitar sentirse atra\u00edda por el enigm\u00e1tico estratega.<\/p>\n<p>A medida que escala puestos en la clasificaci\u00f3n a toda velocidad, Mallory se las arregla para mantener a su familia al margen del juego que lo ech\u00f3 todo a perder. Y a medida que su amor por el deporte que ha intentado detestar con todas sus fuerzas se reaviva, no tarda en descubrir que las partidas no se llevan a cabo \u00fanicamente sobre el tablero, que estar en el punto de mira es m\u00e1s complicado de lo que imaginaba y que la competencia puede ser feroz (-mente atractiva. E inteligente&#8230; Y exasperante&#8230;).<\/p>\n","protected":false},"excerpt":{"rendered":"<p>De la autora de\u00a0La hip\u00f3tesis del amor y La Teor\u00eda del amor, una romcom en la que los caminos de dos rivales del ajedrez se cruzan<span class=\"excerpt-hellip\"> [\u2026]<\/span><\/p>\n","protected":false},"featured_media":1469,"comment_status":"closed","ping_status":"closed","template":"","meta":[],"product_brand":[],"product_cat":[58],"product_tag":[],"class_list":{"0":"post-1454","1":"product","2":"type-product","3":"status-publish","4":"has-post-thumbnail","6":"product_cat-juvenil","8":"first","9":"instock","10":"sale","11":"taxable","12":"shipping-taxable","13":"purchasable","14":"product-type-simple"},"_links":{"self":[{"href":"https:\/\/www.mundilibros.cl\/web\/wp-json\/wp\/v2\/product\/1454","targetHints":{"allow":["GET"]}}],"collection":[{"href":"https:\/\/www.mundilibros.cl\/web\/wp-json\/wp\/v2\/product"}],"about":[{"href":"https:\/\/www.mundilibros.cl\/web\/wp-json\/wp\/v2\/types\/product"}],"replies":[{"embeddable":true,"href":"https:\/\/www.mundilibros.cl\/web\/wp-json\/wp\/v2\/comments?post=1454"}],"wp:featuredmedia":[{"embeddable":true,"href":"https:\/\/www.mundilibros.cl\/web\/wp-json\/wp\/v2\/media\/1469"}],"wp:attachment":[{"href":"https:\/\/www.mundilibros.cl\/web\/wp-json\/wp\/v2\/media?parent=1454"}],"wp:term":[{"taxonomy":"product_brand","embeddable":true,"href":"https:\/\/www.mundilibros.cl\/web\/wp-json\/wp\/v2\/product_brand?post=1454"},{"taxonomy":"product_cat","embeddable":true,"href":"https:\/\/www.mundilibros.cl\/web\/wp-json\/wp\/v2\/product_cat?post=1454"},{"taxonomy":"product_tag","embeddable":true,"href":"https:\/\/www.mundilibros.cl\/web\/wp-json\/wp\/v2\/product_tag?post=1454"}],"curies":[{"name":"wp","href":"https:\/\/api.w.org\/{rel}","templated":true}]}}