{"id":1456,"date":"2025-11-14T19:26:20","date_gmt":"2025-11-14T19:26:20","guid":{"rendered":"https:\/\/www.mundilibros.cl\/web\/?post_type=product&#038;p=1456"},"modified":"2025-11-14T19:27:14","modified_gmt":"2025-11-14T19:27:14","slug":"todos-los-lugares-que-mantuvimos-en-secreto","status":"publish","type":"product","link":"https:\/\/www.mundilibros.cl\/web\/producto\/todos-los-lugares-que-mantuvimos-en-secreto\/","title":{"rendered":"TODOS LOS LUGARES QUE MANTUVIMOS EN SECRETO"},"content":{"rendered":"<div class=\"frase-mkt\">\n<p><strong><span class=\"&quot;ui-provider\" dir=\"&quot;ltr&quot;\">Nunca pospongas las cosas importantes de la vida<\/span><\/strong><\/p>\n<\/div>\n<p>\u00abMe aprend\u00ed el nombre completo de Maeve, su canci\u00f3n favorita y todas las cosas que la hac\u00edan re\u00edr mucho antes de aprender a contar hasta diez.\u00bb<\/p>\n<p>Maeve no sabe mucho sobre s\u00ed misma. Solo que no deja de pensar en si su madre cumpli\u00f3 todos sus sue\u00f1os antes de morir, que la relaci\u00f3n con su novio va cada vez peor y que est\u00e1 cansada de que todos sus d\u00edas sean iguales.<br \/>\nCuando, por un impulso, acaba comprando un billete solo de ida a la otra parte del mundo para volver al pueblo en el que vivi\u00f3 cuando era ni\u00f1a, lo que menos esperaba era reencontrarse all\u00ed con el que fue su mejor amigo de la infancia.<br \/>\nConnor siempre supo que tarde o temprano Maeve regresar\u00eda. Lo que nunca pens\u00f3 es que fuera a ser as\u00ed.<br \/>\nTan ca\u00f3tica. Tan perdida. Como si a\u00fan estuviera por definir.<br \/>\nSi el miedo de ambos es desperdiciar sus vidas sin haber hecho nada que merezca la pena, \u00bfqu\u00e9 mejor que escribir una lista con todo lo que quieren hacer antes de morir y cumplirla juntos?<\/p>\n","protected":false},"excerpt":{"rendered":"<p>Nunca pospongas las cosas importantes de la vida \u00abMe aprend\u00ed el nombre completo de Maeve, su canci\u00f3n favorita y todas las cosas que la hac\u00edan re\u00edr<span class=\"excerpt-hellip\"> [\u2026]<\/span><\/p>\n","protected":false},"featured_media":1476,"comment_status":"closed","ping_status":"closed","template":"","meta":[],"product_brand":[],"product_cat":[58],"product_tag":[],"class_list":{"0":"post-1456","1":"product","2":"type-product","3":"status-publish","4":"has-post-thumbnail","6":"product_cat-juvenil","8":"first","9":"outofstock","10":"sale","11":"taxable","12":"shipping-taxable","13":"purchasable","14":"product-type-simple"},"_links":{"self":[{"href":"https:\/\/www.mundilibros.cl\/web\/wp-json\/wp\/v2\/product\/1456","targetHints":{"allow":["GET"]}}],"collection":[{"href":"https:\/\/www.mundilibros.cl\/web\/wp-json\/wp\/v2\/product"}],"about":[{"href":"https:\/\/www.mundilibros.cl\/web\/wp-json\/wp\/v2\/types\/product"}],"replies":[{"embeddable":true,"href":"https:\/\/www.mundilibros.cl\/web\/wp-json\/wp\/v2\/comments?post=1456"}],"wp:featuredmedia":[{"embeddable":true,"href":"https:\/\/www.mundilibros.cl\/web\/wp-json\/wp\/v2\/media\/1476"}],"wp:attachment":[{"href":"https:\/\/www.mundilibros.cl\/web\/wp-json\/wp\/v2\/media?parent=1456"}],"wp:term":[{"taxonomy":"product_brand","embeddable":true,"href":"https:\/\/www.mundilibros.cl\/web\/wp-json\/wp\/v2\/product_brand?post=1456"},{"taxonomy":"product_cat","embeddable":true,"href":"https:\/\/www.mundilibros.cl\/web\/wp-json\/wp\/v2\/product_cat?post=1456"},{"taxonomy":"product_tag","embeddable":true,"href":"https:\/\/www.mundilibros.cl\/web\/wp-json\/wp\/v2\/product_tag?post=1456"}],"curies":[{"name":"wp","href":"https:\/\/api.w.org\/{rel}","templated":true}]}}