{"id":1463,"date":"2025-11-14T19:26:44","date_gmt":"2025-11-14T19:26:44","guid":{"rendered":"https:\/\/www.mundilibros.cl\/web\/?post_type=product&#038;p=1463"},"modified":"2025-11-14T19:27:32","modified_gmt":"2025-11-14T19:27:32","slug":"la-asistenta","status":"publish","type":"product","link":"https:\/\/www.mundilibros.cl\/web\/producto\/la-asistenta\/","title":{"rendered":"LA ASISTENTA"},"content":{"rendered":"<div class=\"p_leer_menos\">\n<p align=\"JUSTIFY\">Todos los d\u00edas friego la preciosa casa de los Winchester de arriba abajo. Recojo a su hija del colegio y preparo deliciosas comidas para toda la familia antes de subir a cenar sola en mi min\u00fascula habitaci\u00f3n del piso superior.<\/p>\n<p align=\"JUSTIFY\">Intento no prestar atenci\u00f3n a Nina cuando lo ensucia todo simplemente para ver c\u00f3mo lo limpio. A las extra\u00f1as mentiras que cuenta sobre su propia hija. A su marido, que cada d\u00eda parece m\u00e1s abatido. Pero cuando miro a Andrew a los ojos, casta\u00f1os, encantadores y llenos de dolor, no me resulta dif\u00edcil imaginar c\u00f3mo ser\u00eda vivir en la piel de Nina. El gran vestidor, el coche de lujo, el esposo perfecto.<\/p>\n<p align=\"JUSTIFY\">Hasta que un d\u00eda no me resisto a probarme uno de sus maravillosos vestidos blancos. Solo quiero saber qu\u00e9 se siente. Pero ella pronto lo descubre, y cuando me doy cuenta de que la puerta de mi habitaci\u00f3n solo se cierra por fuera ya es demasiado tarde. Algo me reconforta: los Winchester no saben qui\u00e9n soy en realidad.<\/p>\n<p align=\"JUSTIFY\">No saben de lo que soy capaz&#8230;<\/p>\n<\/div>\n<p>&nbsp;<\/p>\n","protected":false},"excerpt":{"rendered":"<p>Todos los d\u00edas friego la preciosa casa de los Winchester de arriba abajo. Recojo a su hija del colegio y preparo deliciosas comidas para toda la<span class=\"excerpt-hellip\"> [\u2026]<\/span><\/p>\n","protected":false},"featured_media":1479,"comment_status":"closed","ping_status":"closed","template":"","meta":[],"product_brand":[],"product_cat":[29],"product_tag":[],"class_list":{"0":"post-1463","1":"product","2":"type-product","3":"status-publish","4":"has-post-thumbnail","6":"product_cat-suspenso-terror","8":"first","9":"outofstock","10":"sale","11":"taxable","12":"shipping-taxable","13":"purchasable","14":"product-type-simple"},"_links":{"self":[{"href":"https:\/\/www.mundilibros.cl\/web\/wp-json\/wp\/v2\/product\/1463","targetHints":{"allow":["GET"]}}],"collection":[{"href":"https:\/\/www.mundilibros.cl\/web\/wp-json\/wp\/v2\/product"}],"about":[{"href":"https:\/\/www.mundilibros.cl\/web\/wp-json\/wp\/v2\/types\/product"}],"replies":[{"embeddable":true,"href":"https:\/\/www.mundilibros.cl\/web\/wp-json\/wp\/v2\/comments?post=1463"}],"wp:featuredmedia":[{"embeddable":true,"href":"https:\/\/www.mundilibros.cl\/web\/wp-json\/wp\/v2\/media\/1479"}],"wp:attachment":[{"href":"https:\/\/www.mundilibros.cl\/web\/wp-json\/wp\/v2\/media?parent=1463"}],"wp:term":[{"taxonomy":"product_brand","embeddable":true,"href":"https:\/\/www.mundilibros.cl\/web\/wp-json\/wp\/v2\/product_brand?post=1463"},{"taxonomy":"product_cat","embeddable":true,"href":"https:\/\/www.mundilibros.cl\/web\/wp-json\/wp\/v2\/product_cat?post=1463"},{"taxonomy":"product_tag","embeddable":true,"href":"https:\/\/www.mundilibros.cl\/web\/wp-json\/wp\/v2\/product_tag?post=1463"}],"curies":[{"name":"wp","href":"https:\/\/api.w.org\/{rel}","templated":true}]}}