{"id":1464,"date":"2025-11-14T19:26:44","date_gmt":"2025-11-14T19:26:44","guid":{"rendered":"https:\/\/www.mundilibros.cl\/web\/?post_type=product&#038;p=1464"},"modified":"2025-11-14T19:27:40","modified_gmt":"2025-11-14T19:27:40","slug":"harry-potter-y-el-prisionero-de-azkaban-minalima","status":"publish","type":"product","link":"https:\/\/www.mundilibros.cl\/web\/producto\/harry-potter-y-el-prisionero-de-azkaban-minalima\/","title":{"rendered":"HARRY POTTER Y EL PRISIONERO DE AZKABAN MINALIMA"},"content":{"rendered":"<p><b>Vive la magia como nunca con esta edici\u00f3n especial pop-up de Harry Potter y el prisionero de Azkaban.<\/b><\/p>\n<p>Con ilustraciones a todo color y originales sorpresas interactivas, esta magn\u00edfica edici\u00f3n del tercer libro de la saga de Harry Potter, obra del prestigioso estudio MinaLima, cautivar\u00e1 a lectores de todas las edades.<\/p>\n","protected":false},"excerpt":{"rendered":"<p>Vive la magia como nunca con esta edici\u00f3n especial pop-up de Harry Potter y el prisionero de Azkaban. Con ilustraciones a todo color y originales sorpresas<span class=\"excerpt-hellip\"> [\u2026]<\/span><\/p>\n","protected":false},"featured_media":1484,"comment_status":"closed","ping_status":"closed","template":"","meta":[],"product_brand":[],"product_cat":[58],"product_tag":[],"class_list":{"0":"post-1464","1":"product","2":"type-product","3":"status-publish","4":"has-post-thumbnail","6":"product_cat-juvenil","8":"first","9":"outofstock","10":"sale","11":"taxable","12":"shipping-taxable","13":"purchasable","14":"product-type-simple"},"_links":{"self":[{"href":"https:\/\/www.mundilibros.cl\/web\/wp-json\/wp\/v2\/product\/1464","targetHints":{"allow":["GET"]}}],"collection":[{"href":"https:\/\/www.mundilibros.cl\/web\/wp-json\/wp\/v2\/product"}],"about":[{"href":"https:\/\/www.mundilibros.cl\/web\/wp-json\/wp\/v2\/types\/product"}],"replies":[{"embeddable":true,"href":"https:\/\/www.mundilibros.cl\/web\/wp-json\/wp\/v2\/comments?post=1464"}],"wp:featuredmedia":[{"embeddable":true,"href":"https:\/\/www.mundilibros.cl\/web\/wp-json\/wp\/v2\/media\/1484"}],"wp:attachment":[{"href":"https:\/\/www.mundilibros.cl\/web\/wp-json\/wp\/v2\/media?parent=1464"}],"wp:term":[{"taxonomy":"product_brand","embeddable":true,"href":"https:\/\/www.mundilibros.cl\/web\/wp-json\/wp\/v2\/product_brand?post=1464"},{"taxonomy":"product_cat","embeddable":true,"href":"https:\/\/www.mundilibros.cl\/web\/wp-json\/wp\/v2\/product_cat?post=1464"},{"taxonomy":"product_tag","embeddable":true,"href":"https:\/\/www.mundilibros.cl\/web\/wp-json\/wp\/v2\/product_tag?post=1464"}],"curies":[{"name":"wp","href":"https:\/\/api.w.org\/{rel}","templated":true}]}}