{"id":1465,"date":"2025-11-14T19:26:44","date_gmt":"2025-11-14T19:26:44","guid":{"rendered":"https:\/\/www.mundilibros.cl\/web\/?post_type=product&#038;p=1465"},"modified":"2025-11-14T19:27:46","modified_gmt":"2025-11-14T19:27:46","slug":"el-camino-a-rhodes","status":"publish","type":"product","link":"https:\/\/www.mundilibros.cl\/web\/producto\/el-camino-a-rhodes\/","title":{"rendered":"EL CAMINO A RHODES"},"content":{"rendered":"<div class=\"d-none d-md-block\">\n<div id=\"product-description-short-341960\" class=\"descripCorta\">\n<p style=\"text-align: left;\" align=\"CENTER\"><b>Despu\u00e9s del \u00e9xito de De Lukov, con amor, la reina del romance a fuego lento conquista de nuevo con una historia ambientada en un entorno rural en la que los opuestos se atraen sin remedio.<\/b><\/p>\n<p align=\"JUSTIFY\">Aurora de la Torre sabe que volver a Pagosa Springs, un sitio plagado de recuerdos agridulces, no va a ser f\u00e1cil, pero refugiarse en una peque\u00f1a ciudad entre monta\u00f1as podr\u00eda ser la cura perfecta para su coraz\u00f3n roto. Y comerse con los ojos a su casero, que vive a escasos metros, tampoco le viene mal&#8230; Solo que Tobias Rhodes no fue realmente quien le alquil\u00f3 el apartamento, sino que fue su hijo, Amos.<\/p>\n<p align=\"JUSTIFY\">Al principio, Rhodes, un gru\u00f1\u00f3n que desconf\u00eda de los extra\u00f1os y que har\u00eda lo que fuera por cuidar de los suyos, se mantiene alejado de Aurora. Pero conforme los d\u00edas se convierten en semanas, y estas se llenan de rutas a trav\u00e9s de la naturaleza y confesiones a la lumbre de una hoguera, lo que comienza siendo una amistad irrompible no tarda en florecer en un amor de los que solo se encuentran una vez en la vida.<\/p>\n<\/div>\n<p align=\"CENTER\">\n<\/div>\n<div><\/div>\n<div class=\"tabs product-tabs\"><\/div>\n","protected":false},"excerpt":{"rendered":"<p>Despu\u00e9s del \u00e9xito de De Lukov, con amor, la reina del romance a fuego lento conquista de nuevo con una historia ambientada en un entorno rural<span class=\"excerpt-hellip\"> [\u2026]<\/span><\/p>\n","protected":false},"featured_media":1485,"comment_status":"closed","ping_status":"closed","template":"","meta":[],"product_brand":[],"product_cat":[58],"product_tag":[],"class_list":{"0":"post-1465","1":"product","2":"type-product","3":"status-publish","4":"has-post-thumbnail","6":"product_cat-juvenil","8":"first","9":"instock","10":"taxable","11":"shipping-taxable","12":"purchasable","13":"product-type-simple"},"_links":{"self":[{"href":"https:\/\/www.mundilibros.cl\/web\/wp-json\/wp\/v2\/product\/1465","targetHints":{"allow":["GET"]}}],"collection":[{"href":"https:\/\/www.mundilibros.cl\/web\/wp-json\/wp\/v2\/product"}],"about":[{"href":"https:\/\/www.mundilibros.cl\/web\/wp-json\/wp\/v2\/types\/product"}],"replies":[{"embeddable":true,"href":"https:\/\/www.mundilibros.cl\/web\/wp-json\/wp\/v2\/comments?post=1465"}],"wp:featuredmedia":[{"embeddable":true,"href":"https:\/\/www.mundilibros.cl\/web\/wp-json\/wp\/v2\/media\/1485"}],"wp:attachment":[{"href":"https:\/\/www.mundilibros.cl\/web\/wp-json\/wp\/v2\/media?parent=1465"}],"wp:term":[{"taxonomy":"product_brand","embeddable":true,"href":"https:\/\/www.mundilibros.cl\/web\/wp-json\/wp\/v2\/product_brand?post=1465"},{"taxonomy":"product_cat","embeddable":true,"href":"https:\/\/www.mundilibros.cl\/web\/wp-json\/wp\/v2\/product_cat?post=1465"},{"taxonomy":"product_tag","embeddable":true,"href":"https:\/\/www.mundilibros.cl\/web\/wp-json\/wp\/v2\/product_tag?post=1465"}],"curies":[{"name":"wp","href":"https:\/\/api.w.org\/{rel}","templated":true}]}}