{"id":1471,"date":"2025-11-14T19:27:08","date_gmt":"2025-11-14T19:27:08","guid":{"rendered":"https:\/\/www.mundilibros.cl\/web\/?post_type=product&#038;p=1471"},"modified":"2025-11-14T19:27:52","modified_gmt":"2025-11-14T19:27:52","slug":"en-agosto-nos-vemos","status":"publish","type":"product","link":"https:\/\/www.mundilibros.cl\/web\/producto\/en-agosto-nos-vemos\/","title":{"rendered":"EN AGOSTO NOS VEMOS"},"content":{"rendered":"<p>Cada mes de agosto Ana Magdalena Bach toma el transbordador hasta la isla donde est\u00e1 enterrada su madre para visitar la tumba en la que yace. Esas visitas acaban suponiendo una irresistible invitaci\u00f3n a convertirse en una persona distinta durante una noche al a\u00f1o.Escrita en el inconfundible y fascinante estilo de Garc\u00eda M\u00e1rquez,<i>\u00a0En agosto nos vemos<\/i>\u00a0es un canto a la vida, a la resistencia del goce pese al paso del tiempo y al deseo femenino. Un regalo inesperado para los innumerables lectores del Nobel colombiano.<\/p>\n<p>&nbsp;<\/p>\n","protected":false},"excerpt":{"rendered":"<p>Cada mes de agosto Ana Magdalena Bach toma el transbordador hasta la isla donde est\u00e1 enterrada su madre para visitar la tumba en la que yace.<span class=\"excerpt-hellip\"> [\u2026]<\/span><\/p>\n","protected":false},"featured_media":1486,"comment_status":"closed","ping_status":"closed","template":"","meta":[],"product_brand":[],"product_cat":[25],"product_tag":[],"class_list":{"0":"post-1471","1":"product","2":"type-product","3":"status-publish","4":"has-post-thumbnail","6":"product_cat-novelas","8":"first","9":"outofstock","10":"taxable","11":"shipping-taxable","12":"purchasable","13":"product-type-simple"},"_links":{"self":[{"href":"https:\/\/www.mundilibros.cl\/web\/wp-json\/wp\/v2\/product\/1471","targetHints":{"allow":["GET"]}}],"collection":[{"href":"https:\/\/www.mundilibros.cl\/web\/wp-json\/wp\/v2\/product"}],"about":[{"href":"https:\/\/www.mundilibros.cl\/web\/wp-json\/wp\/v2\/types\/product"}],"replies":[{"embeddable":true,"href":"https:\/\/www.mundilibros.cl\/web\/wp-json\/wp\/v2\/comments?post=1471"}],"wp:featuredmedia":[{"embeddable":true,"href":"https:\/\/www.mundilibros.cl\/web\/wp-json\/wp\/v2\/media\/1486"}],"wp:attachment":[{"href":"https:\/\/www.mundilibros.cl\/web\/wp-json\/wp\/v2\/media?parent=1471"}],"wp:term":[{"taxonomy":"product_brand","embeddable":true,"href":"https:\/\/www.mundilibros.cl\/web\/wp-json\/wp\/v2\/product_brand?post=1471"},{"taxonomy":"product_cat","embeddable":true,"href":"https:\/\/www.mundilibros.cl\/web\/wp-json\/wp\/v2\/product_cat?post=1471"},{"taxonomy":"product_tag","embeddable":true,"href":"https:\/\/www.mundilibros.cl\/web\/wp-json\/wp\/v2\/product_tag?post=1471"}],"curies":[{"name":"wp","href":"https:\/\/api.w.org\/{rel}","templated":true}]}}