{"id":1472,"date":"2025-11-14T19:27:08","date_gmt":"2025-11-14T19:27:08","guid":{"rendered":"https:\/\/www.mundilibros.cl\/web\/?post_type=product&#038;p=1472"},"modified":"2025-11-14T19:27:58","modified_gmt":"2025-11-14T19:27:58","slug":"lujuria-2","status":"publish","type":"product","link":"https:\/\/www.mundilibros.cl\/web\/producto\/lujuria-2\/","title":{"rendered":"LUJURIA 2"},"content":{"rendered":"<p><b>\u00a1Llega la conclusi\u00f3n de<\/b><i><b>\u00a0Lujuria<\/b><\/i><b>, la segunda parte de la saga Pecados placenteros! \u00bfPodr\u00e1s dejarte llevar sin abrasarte en el intento?<\/b><\/p>\n<p><b>Hay incendios que no pueden contenerse y obsesiones que llegan a matar.<\/b><\/p>\n<p>Para la teniente Rachel James, los sentimientos hacia el coronel Christopher Morgan son cada vez m\u00e1s dif\u00edciles de controlar.<\/p>\n<p>Las elecciones para el cargo de ministro se aproximan y ninguno de los dos puede permitirse errores ni distracciones. Sin embargo, la tarease complica, ya que los celos, las traiciones, los errores y las conspiraciones desatar\u00e1n el caos que arrasar\u00e1 con m\u00e1s de uno.<\/p>\n<p>El comando de la FEMF se ha convertido en un nido de alima\u00f1as que no quiere caer, y la mafia le suma peso al juego con acontecimientos que marcar\u00e1n un antes y un despu\u00e9s en la vida de todos.<\/p>\n<p>Los primeros cimientos de la gran batalla nacen en esta nueva entrega, donde algunos se cansan de fingir y les empieza a estorbar el disfraz.<\/p>\n<p>Pecados Placenteros contin\u00faa con la cuarta parte de una novela cargada de pasi\u00f3n, intriga y acci\u00f3n.<\/p>\n","protected":false},"excerpt":{"rendered":"<p>\u00a1Llega la conclusi\u00f3n de\u00a0Lujuria, la segunda parte de la saga Pecados placenteros! \u00bfPodr\u00e1s dejarte llevar sin abrasarte en el intento? Hay incendios que no pueden contenerse<span class=\"excerpt-hellip\"> [\u2026]<\/span><\/p>\n","protected":false},"featured_media":1487,"comment_status":"closed","ping_status":"closed","template":"","meta":[],"product_brand":[],"product_cat":[323],"product_tag":[],"class_list":{"0":"post-1472","1":"product","2":"type-product","3":"status-publish","4":"has-post-thumbnail","6":"product_cat-novela-erotica","8":"first","9":"instock","10":"sale","11":"taxable","12":"shipping-taxable","13":"purchasable","14":"product-type-simple"},"_links":{"self":[{"href":"https:\/\/www.mundilibros.cl\/web\/wp-json\/wp\/v2\/product\/1472","targetHints":{"allow":["GET"]}}],"collection":[{"href":"https:\/\/www.mundilibros.cl\/web\/wp-json\/wp\/v2\/product"}],"about":[{"href":"https:\/\/www.mundilibros.cl\/web\/wp-json\/wp\/v2\/types\/product"}],"replies":[{"embeddable":true,"href":"https:\/\/www.mundilibros.cl\/web\/wp-json\/wp\/v2\/comments?post=1472"}],"wp:featuredmedia":[{"embeddable":true,"href":"https:\/\/www.mundilibros.cl\/web\/wp-json\/wp\/v2\/media\/1487"}],"wp:attachment":[{"href":"https:\/\/www.mundilibros.cl\/web\/wp-json\/wp\/v2\/media?parent=1472"}],"wp:term":[{"taxonomy":"product_brand","embeddable":true,"href":"https:\/\/www.mundilibros.cl\/web\/wp-json\/wp\/v2\/product_brand?post=1472"},{"taxonomy":"product_cat","embeddable":true,"href":"https:\/\/www.mundilibros.cl\/web\/wp-json\/wp\/v2\/product_cat?post=1472"},{"taxonomy":"product_tag","embeddable":true,"href":"https:\/\/www.mundilibros.cl\/web\/wp-json\/wp\/v2\/product_tag?post=1472"}],"curies":[{"name":"wp","href":"https:\/\/api.w.org\/{rel}","templated":true}]}}