{"id":1473,"date":"2025-11-14T19:27:08","date_gmt":"2025-11-14T19:27:08","guid":{"rendered":"https:\/\/www.mundilibros.cl\/web\/?post_type=product&#038;p=1473"},"modified":"2025-11-14T19:28:04","modified_gmt":"2025-11-14T19:28:04","slug":"twisted-lies-libro-4","status":"publish","type":"product","link":"https:\/\/www.mundilibros.cl\/web\/producto\/twisted-lies-libro-4\/","title":{"rendered":"TWISTED LIES  (LIBRO 4)"},"content":{"rendered":"<div class=\"frase-mkt\">\n<p>D\u00e9jate seducir por la saga M\u00c1S EXPLOSIVA.<\/p>\n<\/div>\n<p><strong>M\u00e1s de 3 millones de lectoras ya han ca\u00eddo en la tentaci\u00f3n de Ana Huang.<\/strong><\/p>\n<p><strong>\u00c9l har\u00e1 lo que sea para tenerla\u2026 incluido mentir.<\/strong><\/p>\n<p>Encantador, peligroso y lo suficientemente inteligente como para ocultarlo, a Christian Harper le resulta poco \u00fatil la moral y a\u00fan menos el amor, pero no puede negar la extra\u00f1a atracci\u00f3n que siente hacia la mujer que vive justo un piso debajo de \u00e9l. Ella es el objeto de sus deseos m\u00e1s oscuros, el \u00fanico rompecabezas que no puede resolver. Y cuando surge la oportunidad de acercarse a ella, rompe sus propias reglas para ofrecerle un trato imposible de rechazar. Todos tenemos un punto d\u00e9bil. Ella es el suyo.<\/p>\n<p>Su obsesi\u00f3n.<\/p>\n<p>Su adicci\u00f3n.<\/p>\n<p>Su \u00fanica excepci\u00f3n.<\/p>\n<p>Dulce, t\u00edmida e introvertida a pesar de su fama en las redes sociales, Stella Alonso es una rom\u00e1ntica que mantiene su coraz\u00f3n a buen recaudo. Entre sus dos trabajos, tiene poco tiempo y ninguna gana de iniciar una relaci\u00f3n. Pero cuando una amenaza del pasado la lleva a los brazos (y a la casa) del hombre m\u00e1s peligroso que jam\u00e1s haya conocido, caer\u00e1 en la tentaci\u00f3n de permitirse sentir algo por primera vez en mucho tiempo. Porque, a pesar de la naturaleza fr\u00eda de Christian, \u00e9l la hace sentir completa cuando est\u00e1n juntos.<\/p>\n<p>Apasionada.<\/p>\n<p>Protegida.<\/p>\n<p>Anhelada.<\/p>\n<p>El suyo es un amor amenazado por mentiras y secretos&#8230; y cuando las verdades por fin salgan a la luz, podr\u00edan destrozarlo todo.<\/p>\n","protected":false},"excerpt":{"rendered":"<p>D\u00e9jate seducir por la saga M\u00c1S EXPLOSIVA. M\u00e1s de 3 millones de lectoras ya han ca\u00eddo en la tentaci\u00f3n de Ana Huang. \u00c9l har\u00e1 lo que<span class=\"excerpt-hellip\"> [\u2026]<\/span><\/p>\n","protected":false},"featured_media":1492,"comment_status":"closed","ping_status":"closed","template":"","meta":[],"product_brand":[],"product_cat":[58],"product_tag":[],"class_list":{"0":"post-1473","1":"product","2":"type-product","3":"status-publish","4":"has-post-thumbnail","6":"product_cat-juvenil","8":"first","9":"outofstock","10":"sale","11":"taxable","12":"shipping-taxable","13":"purchasable","14":"product-type-simple"},"_links":{"self":[{"href":"https:\/\/www.mundilibros.cl\/web\/wp-json\/wp\/v2\/product\/1473","targetHints":{"allow":["GET"]}}],"collection":[{"href":"https:\/\/www.mundilibros.cl\/web\/wp-json\/wp\/v2\/product"}],"about":[{"href":"https:\/\/www.mundilibros.cl\/web\/wp-json\/wp\/v2\/types\/product"}],"replies":[{"embeddable":true,"href":"https:\/\/www.mundilibros.cl\/web\/wp-json\/wp\/v2\/comments?post=1473"}],"wp:featuredmedia":[{"embeddable":true,"href":"https:\/\/www.mundilibros.cl\/web\/wp-json\/wp\/v2\/media\/1492"}],"wp:attachment":[{"href":"https:\/\/www.mundilibros.cl\/web\/wp-json\/wp\/v2\/media?parent=1473"}],"wp:term":[{"taxonomy":"product_brand","embeddable":true,"href":"https:\/\/www.mundilibros.cl\/web\/wp-json\/wp\/v2\/product_brand?post=1473"},{"taxonomy":"product_cat","embeddable":true,"href":"https:\/\/www.mundilibros.cl\/web\/wp-json\/wp\/v2\/product_cat?post=1473"},{"taxonomy":"product_tag","embeddable":true,"href":"https:\/\/www.mundilibros.cl\/web\/wp-json\/wp\/v2\/product_tag?post=1473"}],"curies":[{"name":"wp","href":"https:\/\/api.w.org\/{rel}","templated":true}]}}