{"id":1482,"date":"2025-11-14T19:27:33","date_gmt":"2025-11-14T19:27:33","guid":{"rendered":"https:\/\/www.mundilibros.cl\/web\/?post_type=product&#038;p=1482"},"modified":"2026-03-11T19:42:20","modified_gmt":"2026-03-11T19:42:20","slug":"un-zorzal-llamo-a-la-ventana","status":"publish","type":"product","link":"https:\/\/www.mundilibros.cl\/web\/producto\/un-zorzal-llamo-a-la-ventana\/","title":{"rendered":"UN ZORZAL LLAMO A LA VENTANA"},"content":{"rendered":"<p>Samuel Encino ha tomado la decisi\u00f3n m\u00e1s importante de su vida: comprar un terreno en la precordillera para vivir rodeado de naturaleza y de sus amigos los p\u00e1jaros. a ellos les construy\u00f3 la m\u00e1s linda y grande pajarera antes vista. pero mientras se adapta a su nueva vida, Samuel conoce a personas entra\u00f1ables. las diferencias, tanto de edad como de experiencias de vida, no limitar\u00e1n la profunda amistad que est\u00e1 a punto de nacer.<\/p>\n<p>H\u00e9ctor Hidalgo es un reconocido autor chileno de obras para ni\u00f1os. en ediciones sm tambi\u00e9n ha publicado la mujer de goma, el regreso de la mujer de goma, cuentos m\u00e1gicos del sur del mundo, los derechos de los animales y la pajarera de Samuel Encino.<\/p>\n<p>a partir de 9 a\u00f1os<\/p>\n","protected":false},"excerpt":{"rendered":"<p>Samuel Encino ha tomado la decisi\u00f3n m\u00e1s importante de su vida: comprar un terreno en la precordillera para vivir rodeado de naturaleza y de sus amigos<span class=\"excerpt-hellip\"> [\u2026]<\/span><\/p>\n","protected":false},"featured_media":1502,"comment_status":"closed","ping_status":"closed","template":"","meta":[],"product_brand":[],"product_cat":[89],"product_tag":[],"class_list":{"0":"post-1482","1":"product","2":"type-product","3":"status-publish","4":"has-post-thumbnail","6":"product_cat-ofertas","8":"first","9":"instock","10":"sale","11":"taxable","12":"shipping-taxable","13":"purchasable","14":"product-type-simple"},"_links":{"self":[{"href":"https:\/\/www.mundilibros.cl\/web\/wp-json\/wp\/v2\/product\/1482","targetHints":{"allow":["GET"]}}],"collection":[{"href":"https:\/\/www.mundilibros.cl\/web\/wp-json\/wp\/v2\/product"}],"about":[{"href":"https:\/\/www.mundilibros.cl\/web\/wp-json\/wp\/v2\/types\/product"}],"replies":[{"embeddable":true,"href":"https:\/\/www.mundilibros.cl\/web\/wp-json\/wp\/v2\/comments?post=1482"}],"wp:featuredmedia":[{"embeddable":true,"href":"https:\/\/www.mundilibros.cl\/web\/wp-json\/wp\/v2\/media\/1502"}],"wp:attachment":[{"href":"https:\/\/www.mundilibros.cl\/web\/wp-json\/wp\/v2\/media?parent=1482"}],"wp:term":[{"taxonomy":"product_brand","embeddable":true,"href":"https:\/\/www.mundilibros.cl\/web\/wp-json\/wp\/v2\/product_brand?post=1482"},{"taxonomy":"product_cat","embeddable":true,"href":"https:\/\/www.mundilibros.cl\/web\/wp-json\/wp\/v2\/product_cat?post=1482"},{"taxonomy":"product_tag","embeddable":true,"href":"https:\/\/www.mundilibros.cl\/web\/wp-json\/wp\/v2\/product_tag?post=1482"}],"curies":[{"name":"wp","href":"https:\/\/api.w.org\/{rel}","templated":true}]}}