{"id":1483,"date":"2025-11-14T19:27:33","date_gmt":"2025-11-14T19:27:33","guid":{"rendered":"https:\/\/www.mundilibros.cl\/web\/?post_type=product&#038;p=1483"},"modified":"2026-02-03T00:08:21","modified_gmt":"2026-02-03T00:08:21","slug":"quique-hache-detective","status":"publish","type":"product","link":"https:\/\/www.mundilibros.cl\/web\/producto\/quique-hache-detective\/","title":{"rendered":"QUIQUE HACHE DETECTIVE"},"content":{"rendered":"<p>Quique es un joven de gran curiosidad. este verano, en lugar de pasar las t\u00edpicas vacaciones familiares en conc\u00f3n, se quedar\u00e1 en santiago para iniciar su carrera de detective privado reci\u00e9n titulado de un curso por correspondencia. una desaparici\u00f3n, un testamento, un equipo de f\u00fatbol y un antiguo accidente carretero forman parte de su primera aventura.<\/p>\n","protected":false},"excerpt":{"rendered":"<p>Quique es un joven de gran curiosidad. este verano, en lugar de pasar las t\u00edpicas vacaciones familiares en conc\u00f3n, se quedar\u00e1 en santiago para iniciar su<span class=\"excerpt-hellip\"> [\u2026]<\/span><\/p>\n","protected":false},"featured_media":1503,"comment_status":"closed","ping_status":"closed","template":"","meta":[],"product_brand":[],"product_cat":[33,89],"product_tag":[],"class_list":{"0":"post-1483","1":"product","2":"type-product","3":"status-publish","4":"has-post-thumbnail","6":"product_cat-literatura-escolar","7":"product_cat-ofertas","9":"first","10":"instock","11":"sale","12":"taxable","13":"shipping-taxable","14":"purchasable","15":"product-type-simple"},"_links":{"self":[{"href":"https:\/\/www.mundilibros.cl\/web\/wp-json\/wp\/v2\/product\/1483","targetHints":{"allow":["GET"]}}],"collection":[{"href":"https:\/\/www.mundilibros.cl\/web\/wp-json\/wp\/v2\/product"}],"about":[{"href":"https:\/\/www.mundilibros.cl\/web\/wp-json\/wp\/v2\/types\/product"}],"replies":[{"embeddable":true,"href":"https:\/\/www.mundilibros.cl\/web\/wp-json\/wp\/v2\/comments?post=1483"}],"wp:featuredmedia":[{"embeddable":true,"href":"https:\/\/www.mundilibros.cl\/web\/wp-json\/wp\/v2\/media\/1503"}],"wp:attachment":[{"href":"https:\/\/www.mundilibros.cl\/web\/wp-json\/wp\/v2\/media?parent=1483"}],"wp:term":[{"taxonomy":"product_brand","embeddable":true,"href":"https:\/\/www.mundilibros.cl\/web\/wp-json\/wp\/v2\/product_brand?post=1483"},{"taxonomy":"product_cat","embeddable":true,"href":"https:\/\/www.mundilibros.cl\/web\/wp-json\/wp\/v2\/product_cat?post=1483"},{"taxonomy":"product_tag","embeddable":true,"href":"https:\/\/www.mundilibros.cl\/web\/wp-json\/wp\/v2\/product_tag?post=1483"}],"curies":[{"name":"wp","href":"https:\/\/api.w.org\/{rel}","templated":true}]}}