{"id":1488,"date":"2025-11-14T19:27:59","date_gmt":"2025-11-14T19:27:59","guid":{"rendered":"https:\/\/www.mundilibros.cl\/web\/?post_type=product&#038;p=1488"},"modified":"2025-11-14T19:28:29","modified_gmt":"2025-11-14T19:28:29","slug":"cuidate-para-crecer","status":"publish","type":"product","link":"https:\/\/www.mundilibros.cl\/web\/producto\/cuidate-para-crecer\/","title":{"rendered":"CUIDATE PARA CRECER"},"content":{"rendered":"<p>La autoestima es la pieza fundamental de la salud mental. Si no tienes una buena relaci\u00f3n contigo, nada va a funcionar del todo bien. En Cu\u00eddate para crecer encontrar\u00e1s 10 conceptos clave de piscolog\u00eda y 100 herramientas pr\u00e1cticas y f\u00e1ciles para construir la autoestima que mereces. Aprende a escuchar tu cuerpo, identifica y atiende tus verdaderas necesidades, profundiza en tu autoconocimiento y mejora la idea que tienes de ti mismo. Aprende a sentirte bien con tu f\u00edsico y a priorizar lo que realmente te importa. En definitiva, con\u00f3cete, ac\u00e9ptate y s\u00e9 feliz contigo. Te mereces todo lo bueno que te pasa. Te mereces llevarte bien contigo. Es hora de mirarte al espejo y ver a una persona querida.<\/p>\n","protected":false},"excerpt":{"rendered":"<p>La autoestima es la pieza fundamental de la salud mental. Si no tienes una buena relaci\u00f3n contigo, nada va a funcionar del todo bien. En Cu\u00eddate<span class=\"excerpt-hellip\"> [\u2026]<\/span><\/p>\n","protected":false},"featured_media":1504,"comment_status":"closed","ping_status":"closed","template":"","meta":[],"product_brand":[],"product_cat":[46],"product_tag":[],"class_list":{"0":"post-1488","1":"product","2":"type-product","3":"status-publish","4":"has-post-thumbnail","6":"product_cat-autoayuda","8":"first","9":"outofstock","10":"sale","11":"taxable","12":"shipping-taxable","13":"purchasable","14":"product-type-simple"},"_links":{"self":[{"href":"https:\/\/www.mundilibros.cl\/web\/wp-json\/wp\/v2\/product\/1488","targetHints":{"allow":["GET"]}}],"collection":[{"href":"https:\/\/www.mundilibros.cl\/web\/wp-json\/wp\/v2\/product"}],"about":[{"href":"https:\/\/www.mundilibros.cl\/web\/wp-json\/wp\/v2\/types\/product"}],"replies":[{"embeddable":true,"href":"https:\/\/www.mundilibros.cl\/web\/wp-json\/wp\/v2\/comments?post=1488"}],"wp:featuredmedia":[{"embeddable":true,"href":"https:\/\/www.mundilibros.cl\/web\/wp-json\/wp\/v2\/media\/1504"}],"wp:attachment":[{"href":"https:\/\/www.mundilibros.cl\/web\/wp-json\/wp\/v2\/media?parent=1488"}],"wp:term":[{"taxonomy":"product_brand","embeddable":true,"href":"https:\/\/www.mundilibros.cl\/web\/wp-json\/wp\/v2\/product_brand?post=1488"},{"taxonomy":"product_cat","embeddable":true,"href":"https:\/\/www.mundilibros.cl\/web\/wp-json\/wp\/v2\/product_cat?post=1488"},{"taxonomy":"product_tag","embeddable":true,"href":"https:\/\/www.mundilibros.cl\/web\/wp-json\/wp\/v2\/product_tag?post=1488"}],"curies":[{"name":"wp","href":"https:\/\/api.w.org\/{rel}","templated":true}]}}