{"id":1489,"date":"2025-11-14T19:27:59","date_gmt":"2025-11-14T19:27:59","guid":{"rendered":"https:\/\/www.mundilibros.cl\/web\/?post_type=product&#038;p=1489"},"modified":"2025-11-14T19:28:35","modified_gmt":"2025-11-14T19:28:35","slug":"aqui-todos-mienten","status":"publish","type":"product","link":"https:\/\/www.mundilibros.cl\/web\/producto\/aqui-todos-mienten\/","title":{"rendered":"AQUI TODOS MIENTEN"},"content":{"rendered":"<p align=\"JUSTIFY\">William Wooler es, a primera vista, un padre y marido entregado. Pero ha estado teniendo una aventura que esa misma tarde ha tenido un horrible final en un motel de las afueras. Cuando regresa a casa, destrozado y enfadado, se sorprende al ver que Avery, su hija de nueve a\u00f1os, ha salido antes de la escuela y pierde los estribos.<br \/>\nHoras m\u00e1s tarde, la familia de Avery comunica su desaparici\u00f3n.<\/p>\n<p align=\"JUSTIFY\">De repente, Stanhope ya no parece un barrio tan apacible. Y William no es el \u00fanico que esconde una mentira. A medida que los testigos aportan informaci\u00f3n, que puede o no ser cierta, sobre la desaparici\u00f3n, los vecinos de Avery se muestran cada vez m\u00e1s desquiciados.<\/p>\n<p align=\"JUSTIFY\">\u00bfQui\u00e9n se ha llevado a Avery Wooler?<\/p>\n<p align=\"JUSTIFY\">Nada te preparar\u00e1 para la verdad.<\/p>\n","protected":false},"excerpt":{"rendered":"<p>William Wooler es, a primera vista, un padre y marido entregado. Pero ha estado teniendo una aventura que esa misma tarde ha tenido un horrible final<span class=\"excerpt-hellip\"> [\u2026]<\/span><\/p>\n","protected":false},"featured_media":1505,"comment_status":"closed","ping_status":"closed","template":"","meta":[],"product_brand":[],"product_cat":[29],"product_tag":[],"class_list":{"0":"post-1489","1":"product","2":"type-product","3":"status-publish","4":"has-post-thumbnail","6":"product_cat-suspenso-terror","8":"first","9":"outofstock","10":"sale","11":"taxable","12":"shipping-taxable","13":"purchasable","14":"product-type-simple"},"_links":{"self":[{"href":"https:\/\/www.mundilibros.cl\/web\/wp-json\/wp\/v2\/product\/1489","targetHints":{"allow":["GET"]}}],"collection":[{"href":"https:\/\/www.mundilibros.cl\/web\/wp-json\/wp\/v2\/product"}],"about":[{"href":"https:\/\/www.mundilibros.cl\/web\/wp-json\/wp\/v2\/types\/product"}],"replies":[{"embeddable":true,"href":"https:\/\/www.mundilibros.cl\/web\/wp-json\/wp\/v2\/comments?post=1489"}],"wp:featuredmedia":[{"embeddable":true,"href":"https:\/\/www.mundilibros.cl\/web\/wp-json\/wp\/v2\/media\/1505"}],"wp:attachment":[{"href":"https:\/\/www.mundilibros.cl\/web\/wp-json\/wp\/v2\/media?parent=1489"}],"wp:term":[{"taxonomy":"product_brand","embeddable":true,"href":"https:\/\/www.mundilibros.cl\/web\/wp-json\/wp\/v2\/product_brand?post=1489"},{"taxonomy":"product_cat","embeddable":true,"href":"https:\/\/www.mundilibros.cl\/web\/wp-json\/wp\/v2\/product_cat?post=1489"},{"taxonomy":"product_tag","embeddable":true,"href":"https:\/\/www.mundilibros.cl\/web\/wp-json\/wp\/v2\/product_tag?post=1489"}],"curies":[{"name":"wp","href":"https:\/\/api.w.org\/{rel}","templated":true}]}}