{"id":1497,"date":"2025-11-14T19:28:24","date_gmt":"2025-11-14T19:28:24","guid":{"rendered":"https:\/\/www.mundilibros.cl\/web\/?post_type=product&#038;p=1497"},"modified":"2025-11-14T19:28:54","modified_gmt":"2025-11-14T19:28:54","slug":"si-te-gusta-la-oscuridad","status":"publish","type":"product","link":"https:\/\/www.mundilibros.cl\/web\/producto\/si-te-gusta-la-oscuridad\/","title":{"rendered":"SI TE GUSTA LA OSCURIDAD"},"content":{"rendered":"<p><b>\u00ab\u00bfTe gusta la oscuridad? Perfecto. A m\u00ed tambi\u00e9n\u00bb<\/b>\u00a0es c\u00f3mo inicia Stephen King el ep\u00edlogo de este nuevo y magn\u00edfico volumen de doce relatos que se adentran en la parte m\u00e1s sombr\u00eda de la vida. King lleva m\u00e1s de medio siglo siendo un maestro literario, y estas historias sobre el destino, la mortalidad, la suerte y los m\u00faltiples pliegos de la realidad son tan ricas y absorbentes como sus novelas. El autor escribe \u00abpara sentir la emoci\u00f3n de dejar atr\u00e1s la rutina\u00bb, y en\u00a0<i>Si te gusta la oscuridad<\/i>\u00a0los lectores sentir\u00e1n, una y otra vez, esa misma emoci\u00f3n.<\/p>\n<p>\u00abDos cabrones con talento\u00bb nos revelar\u00e1 el secreto de c\u00f3mo estos dos caballeros adquirieron sus habilidades. En \u00abEl mal sue\u00f1o de Danny Coughlin\u00bb, una explosi\u00f3n ps\u00edquica inesperada pone patas arriba la vida de docenas de personas, incluido Danny, con catastr\u00f3ficos resultados. \u00abSerpientes de cascabel\u00bb, secuela de la novela\u00a0<i>Cujo<\/i>, nos presenta a un viudo que viaja a Florida buscando descanso y, en su lugar, se topa con una inesperada herencia&#8230; con m\u00e1s de una atadura. En \u00abLos so\u00f1adores\u00bb, un taciturno veterano de la guerra de Vietnam acepta un encargo y descubre que hay algunos rincones del universo que deber\u00edan quedar inexplorados. \u00abHombre Respuesta\u00bb nos plantea si el don de la clarividencia es una bendici\u00f3n o una maldici\u00f3n, y nos recuerda que incluso una vida marcada por la tragedia tiene significado.<\/p>\n<p>La habilidad del Rey del Terror para sorprender, inspirar y provocarnos tanto miedo como consuelo al mismo tiempo no tiene parang\u00f3n. Cada uno de estos relatos contiene sus propios escalofr\u00edos, alegr\u00edas y misterios, y todos son ic\u00f3nicos. \u00bfOs gusta la oscuridad? Pues aqu\u00ed la ten\u00e9is.<\/p>\n","protected":false},"excerpt":{"rendered":"<p>\u00ab\u00bfTe gusta la oscuridad? Perfecto. A m\u00ed tambi\u00e9n\u00bb\u00a0es c\u00f3mo inicia Stephen King el ep\u00edlogo de este nuevo y magn\u00edfico volumen de doce relatos que se adentran<span class=\"excerpt-hellip\"> [\u2026]<\/span><\/p>\n","protected":false},"featured_media":1515,"comment_status":"closed","ping_status":"closed","template":"","meta":[],"product_brand":[],"product_cat":[29],"product_tag":[],"class_list":{"0":"post-1497","1":"product","2":"type-product","3":"status-publish","4":"has-post-thumbnail","6":"product_cat-suspenso-terror","8":"first","9":"outofstock","10":"sale","11":"taxable","12":"shipping-taxable","13":"purchasable","14":"product-type-simple"},"_links":{"self":[{"href":"https:\/\/www.mundilibros.cl\/web\/wp-json\/wp\/v2\/product\/1497","targetHints":{"allow":["GET"]}}],"collection":[{"href":"https:\/\/www.mundilibros.cl\/web\/wp-json\/wp\/v2\/product"}],"about":[{"href":"https:\/\/www.mundilibros.cl\/web\/wp-json\/wp\/v2\/types\/product"}],"replies":[{"embeddable":true,"href":"https:\/\/www.mundilibros.cl\/web\/wp-json\/wp\/v2\/comments?post=1497"}],"wp:featuredmedia":[{"embeddable":true,"href":"https:\/\/www.mundilibros.cl\/web\/wp-json\/wp\/v2\/media\/1515"}],"wp:attachment":[{"href":"https:\/\/www.mundilibros.cl\/web\/wp-json\/wp\/v2\/media?parent=1497"}],"wp:term":[{"taxonomy":"product_brand","embeddable":true,"href":"https:\/\/www.mundilibros.cl\/web\/wp-json\/wp\/v2\/product_brand?post=1497"},{"taxonomy":"product_cat","embeddable":true,"href":"https:\/\/www.mundilibros.cl\/web\/wp-json\/wp\/v2\/product_cat?post=1497"},{"taxonomy":"product_tag","embeddable":true,"href":"https:\/\/www.mundilibros.cl\/web\/wp-json\/wp\/v2\/product_tag?post=1497"}],"curies":[{"name":"wp","href":"https:\/\/api.w.org\/{rel}","templated":true}]}}