{"id":1498,"date":"2025-11-14T19:28:24","date_gmt":"2025-11-14T19:28:24","guid":{"rendered":"https:\/\/www.mundilibros.cl\/web\/?post_type=product&#038;p=1498"},"modified":"2025-11-14T19:28:57","modified_gmt":"2025-11-14T19:28:57","slug":"amor-en-juego","status":"publish","type":"product","link":"https:\/\/www.mundilibros.cl\/web\/producto\/amor-en-juego\/","title":{"rendered":"AMOR EN JUEGO"},"content":{"rendered":"<p><b>LA AUTORA QUE ENAMORA AL MUNDO ES ESPA\u00d1OLA. Llega la nueva novela de Elena Armas, autora best seller internacional con m\u00e1s de 270.000.000 de menciones en TikTok.<\/b><\/p>\n<p>Adalyn Reyes siempre ha estado centrada en su carrera dentro de los Miami Flames. Sin embargo, su impecable recorrido se ve afectado cuando el v\u00eddeo de un altercado con la mascota del equipo se hace viral. En consecuencia, el due\u00f1o del club (que es tambi\u00e9n su padre) la env\u00eda a un pueblo en mitad de la nada para reflotar el equipo de f\u00fatbol local y Adalyn est\u00e1 dispuesta a dejarse la piel para conseguirlo. Pero no contaba con que sus jugadores ser\u00edan un grupo de ni\u00f1as de nueve a\u00f1os. Adem\u00e1s, Cameron Caldani, exportero y leyenda del f\u00fatbol, tambi\u00e9n est\u00e1 en el pueblo y su presencia all\u00ed es todo un misterio. Cam es el candidato perfecto para ayudarla, pero despu\u00e9s de un primer encuentro un tanto accidentado, en los planes del futbolista de \u00e9lite solo entra deshacerse de ella cueste lo que cueste.<\/p>\n","protected":false},"excerpt":{"rendered":"<p>LA AUTORA QUE ENAMORA AL MUNDO ES ESPA\u00d1OLA. Llega la nueva novela de Elena Armas, autora best seller internacional con m\u00e1s de 270.000.000 de menciones en<span class=\"excerpt-hellip\"> [\u2026]<\/span><\/p>\n","protected":false},"featured_media":1516,"comment_status":"closed","ping_status":"closed","template":"","meta":[],"product_brand":[],"product_cat":[58],"product_tag":[],"class_list":{"0":"post-1498","1":"product","2":"type-product","3":"status-publish","4":"has-post-thumbnail","6":"product_cat-juvenil","8":"first","9":"instock","10":"sale","11":"taxable","12":"shipping-taxable","13":"purchasable","14":"product-type-simple"},"_links":{"self":[{"href":"https:\/\/www.mundilibros.cl\/web\/wp-json\/wp\/v2\/product\/1498","targetHints":{"allow":["GET"]}}],"collection":[{"href":"https:\/\/www.mundilibros.cl\/web\/wp-json\/wp\/v2\/product"}],"about":[{"href":"https:\/\/www.mundilibros.cl\/web\/wp-json\/wp\/v2\/types\/product"}],"replies":[{"embeddable":true,"href":"https:\/\/www.mundilibros.cl\/web\/wp-json\/wp\/v2\/comments?post=1498"}],"wp:featuredmedia":[{"embeddable":true,"href":"https:\/\/www.mundilibros.cl\/web\/wp-json\/wp\/v2\/media\/1516"}],"wp:attachment":[{"href":"https:\/\/www.mundilibros.cl\/web\/wp-json\/wp\/v2\/media?parent=1498"}],"wp:term":[{"taxonomy":"product_brand","embeddable":true,"href":"https:\/\/www.mundilibros.cl\/web\/wp-json\/wp\/v2\/product_brand?post=1498"},{"taxonomy":"product_cat","embeddable":true,"href":"https:\/\/www.mundilibros.cl\/web\/wp-json\/wp\/v2\/product_cat?post=1498"},{"taxonomy":"product_tag","embeddable":true,"href":"https:\/\/www.mundilibros.cl\/web\/wp-json\/wp\/v2\/product_tag?post=1498"}],"curies":[{"name":"wp","href":"https:\/\/api.w.org\/{rel}","templated":true}]}}