{"id":1499,"date":"2025-11-14T19:28:24","date_gmt":"2025-11-14T19:28:24","guid":{"rendered":"https:\/\/www.mundilibros.cl\/web\/?post_type=product&#038;p=1499"},"modified":"2025-11-14T19:29:02","modified_gmt":"2025-11-14T19:29:02","slug":"rey-de-la-ira-pecados-1","status":"publish","type":"product","link":"https:\/\/www.mundilibros.cl\/web\/producto\/rey-de-la-ira-pecados-1\/","title":{"rendered":"REY DE LA IRA (PECADOS 1)"},"content":{"rendered":"<div class=\"frase-mkt\">\n<p><span class=\"&quot;ui-provider\" dir=\"&quot;ltr&quot;\">D\u00e9jate tentar por la nueva serie\u00a0<em>Pecados<\/em>\u00a0de Ana Huang.<\/span><\/p>\n<\/div>\n<p><strong>Ella es la esposa que \u00e9l nunca quiso\u2026 y la debilidad que no vio venir.<\/strong><strong>\u00a0<\/strong><\/p>\n<p><strong>Implacable. Meticuloso. Arrogante.<\/strong><\/p>\n<p>Nada escapa al control del multimillonario Dante Russo, ya sea en su trabajo o en su vida.<\/p>\n<p>Nunca plane\u00f3 casarse\u2026 pero el chantaje lo obliga a\u00a0<strong>comprometerse con Vivian Lau<\/strong>, la heredera de un imperio de la joyer\u00eda e hija de su mayor enemigo.<\/p>\n<p>No le importa lo<strong>\u00a0hermosa o encantadora<\/strong>\u00a0que sea. Har\u00e1 todo lo que est\u00e9 en su mano para liberarse de la\u00a0<strong>extorsi\u00f3n y de su compromiso<\/strong>.<\/p>\n<p>El \u00fanico problema es que<strong>\u00a0ahora que la tiene, no quiere dejarla ir.<\/strong><\/p>\n<p><strong>Elegante. Ambiciosa. Cort\u00e9s.<\/strong><\/p>\n<p>Vivian Lau es la\u00a0<strong>hija perfecta<\/strong>.<\/p>\n<p>Casarse con un Russo significa abrir las puertas de un mundo que ni su familia es capaz de comprar. Dante est\u00e1 lejos de ser el marido que ella imaginaba para s\u00ed, pero el deber es m\u00e1s fuerte que cualquiera de sus deseos.<\/p>\n<p><strong>Ansiar su tacto<\/strong>\u00a0nunca fue parte del plan&#8230;<\/p>\n<p><strong>Y enamorarse de su futuro marido<\/strong>, tampoco.<\/p>\n","protected":false},"excerpt":{"rendered":"<p>D\u00e9jate tentar por la nueva serie\u00a0Pecados\u00a0de Ana Huang. Ella es la esposa que \u00e9l nunca quiso\u2026 y la debilidad que no vio venir.\u00a0 Implacable. Meticuloso. Arrogante.<span class=\"excerpt-hellip\"> [\u2026]<\/span><\/p>\n","protected":false},"featured_media":1517,"comment_status":"closed","ping_status":"closed","template":"","meta":[],"product_brand":[],"product_cat":[58],"product_tag":[],"class_list":{"0":"post-1499","1":"product","2":"type-product","3":"status-publish","4":"has-post-thumbnail","6":"product_cat-juvenil","8":"first","9":"outofstock","10":"taxable","11":"shipping-taxable","12":"purchasable","13":"product-type-simple"},"_links":{"self":[{"href":"https:\/\/www.mundilibros.cl\/web\/wp-json\/wp\/v2\/product\/1499","targetHints":{"allow":["GET"]}}],"collection":[{"href":"https:\/\/www.mundilibros.cl\/web\/wp-json\/wp\/v2\/product"}],"about":[{"href":"https:\/\/www.mundilibros.cl\/web\/wp-json\/wp\/v2\/types\/product"}],"replies":[{"embeddable":true,"href":"https:\/\/www.mundilibros.cl\/web\/wp-json\/wp\/v2\/comments?post=1499"}],"wp:featuredmedia":[{"embeddable":true,"href":"https:\/\/www.mundilibros.cl\/web\/wp-json\/wp\/v2\/media\/1517"}],"wp:attachment":[{"href":"https:\/\/www.mundilibros.cl\/web\/wp-json\/wp\/v2\/media?parent=1499"}],"wp:term":[{"taxonomy":"product_brand","embeddable":true,"href":"https:\/\/www.mundilibros.cl\/web\/wp-json\/wp\/v2\/product_brand?post=1499"},{"taxonomy":"product_cat","embeddable":true,"href":"https:\/\/www.mundilibros.cl\/web\/wp-json\/wp\/v2\/product_cat?post=1499"},{"taxonomy":"product_tag","embeddable":true,"href":"https:\/\/www.mundilibros.cl\/web\/wp-json\/wp\/v2\/product_tag?post=1499"}],"curies":[{"name":"wp","href":"https:\/\/api.w.org\/{rel}","templated":true}]}}