{"id":1500,"date":"2025-11-14T19:28:24","date_gmt":"2025-11-14T19:28:24","guid":{"rendered":"https:\/\/www.mundilibros.cl\/web\/?post_type=product&#038;p=1500"},"modified":"2025-12-13T14:54:46","modified_gmt":"2025-12-13T14:54:46","slug":"el-buzon-de-las-impuras","status":"publish","type":"product","link":"https:\/\/www.mundilibros.cl\/web\/producto\/el-buzon-de-las-impuras\/","title":{"rendered":"EL BUZON DE LAS IMPURAS"},"content":{"rendered":"<p>En 1863, en el momento m\u00e1s cr\u00edtico de la guerra civil estadounidense, los miembros de la misi\u00f3n diplom\u00e1tica del presidente Lincoln en Santiago de Chile se transformaron en los inesperados h\u00e9roes de una de las tragedias m\u00e1s sobrecogedoras del siglo XIX: la muerte de m\u00e1s de dos mil mujeres atrapadas en el incendio de la Iglesia de la Compa\u00f1\u00eda de Jes\u00fas. El buz\u00f3n de las Impuras desnuda por primera vez qui\u00e9nes eran las Hijas de Mar\u00eda, una cofrad\u00eda de mujeres de la alta sociedad que lograba convocar a miles de fieles, pero que termin\u00f3 sepultada bajo las cenizas del templo jesuita en el injusto silencio de la subyugaci\u00f3n patriarcal.<\/p>\n","protected":false},"excerpt":{"rendered":"<p>En 1863, en el momento m\u00e1s cr\u00edtico de la guerra civil estadounidense, los miembros de la misi\u00f3n diplom\u00e1tica del presidente Lincoln en Santiago de Chile se<span class=\"excerpt-hellip\"> [\u2026]<\/span><\/p>\n","protected":false},"featured_media":1518,"comment_status":"closed","ping_status":"closed","template":"","meta":[],"product_brand":[],"product_cat":[86],"product_tag":[],"class_list":{"0":"post-1500","1":"product","2":"type-product","3":"status-publish","4":"has-post-thumbnail","6":"product_cat-investigacion-periodistica","8":"first","9":"instock","10":"sale","11":"featured","12":"taxable","13":"shipping-taxable","14":"purchasable","15":"product-type-simple"},"_links":{"self":[{"href":"https:\/\/www.mundilibros.cl\/web\/wp-json\/wp\/v2\/product\/1500","targetHints":{"allow":["GET"]}}],"collection":[{"href":"https:\/\/www.mundilibros.cl\/web\/wp-json\/wp\/v2\/product"}],"about":[{"href":"https:\/\/www.mundilibros.cl\/web\/wp-json\/wp\/v2\/types\/product"}],"replies":[{"embeddable":true,"href":"https:\/\/www.mundilibros.cl\/web\/wp-json\/wp\/v2\/comments?post=1500"}],"wp:featuredmedia":[{"embeddable":true,"href":"https:\/\/www.mundilibros.cl\/web\/wp-json\/wp\/v2\/media\/1518"}],"wp:attachment":[{"href":"https:\/\/www.mundilibros.cl\/web\/wp-json\/wp\/v2\/media?parent=1500"}],"wp:term":[{"taxonomy":"product_brand","embeddable":true,"href":"https:\/\/www.mundilibros.cl\/web\/wp-json\/wp\/v2\/product_brand?post=1500"},{"taxonomy":"product_cat","embeddable":true,"href":"https:\/\/www.mundilibros.cl\/web\/wp-json\/wp\/v2\/product_cat?post=1500"},{"taxonomy":"product_tag","embeddable":true,"href":"https:\/\/www.mundilibros.cl\/web\/wp-json\/wp\/v2\/product_tag?post=1500"}],"curies":[{"name":"wp","href":"https:\/\/api.w.org\/{rel}","templated":true}]}}