{"id":1501,"date":"2025-11-14T19:28:24","date_gmt":"2025-11-14T19:28:24","guid":{"rendered":"https:\/\/www.mundilibros.cl\/web\/?post_type=product&#038;p=1501"},"modified":"2025-11-14T19:29:05","modified_gmt":"2025-11-14T19:29:05","slug":"el-canto-de-la-raiz-lejana","status":"publish","type":"product","link":"https:\/\/www.mundilibros.cl\/web\/producto\/el-canto-de-la-raiz-lejana\/","title":{"rendered":"EL CANTO DE LA RAIZ LEJANA"},"content":{"rendered":"<p>\u00abLa historia de un pueblo que no es pueblo, en el cual prima la atm\u00f3sfera muy propia del registro de los fantasmas y el orden puro del enigma, de un lugar de fundaci\u00f3n, lleno de mitos, que se llama Tapihue, lleva a Elizabeth Subercaseaux a componer una m\u00fasica que resultar\u00e1 extra\u00f1a para todos cuantos aspiran a la novela mayor, pariente de la epopeya, y que trata de abarcarlo todo, llevando en s\u00ed mismo los sue\u00f1os de un Ad\u00e1n y de una Eva primigenios y los sucesivos toques del Apocalipsis.\u00bb<\/p>\n<p>Alfonso Calder\u00f3n<\/p>\n","protected":false},"excerpt":{"rendered":"<p>\u00abLa historia de un pueblo que no es pueblo, en el cual prima la atm\u00f3sfera muy propia del registro de los fantasmas y el orden puro<span class=\"excerpt-hellip\"> [\u2026]<\/span><\/p>\n","protected":false},"featured_media":1519,"comment_status":"closed","ping_status":"closed","template":"","meta":[],"product_brand":[],"product_cat":[25,89],"product_tag":[],"class_list":{"0":"post-1501","1":"product","2":"type-product","3":"status-publish","4":"has-post-thumbnail","6":"product_cat-novelas","7":"product_cat-ofertas","9":"first","10":"instock","11":"taxable","12":"shipping-taxable","13":"purchasable","14":"product-type-simple"},"_links":{"self":[{"href":"https:\/\/www.mundilibros.cl\/web\/wp-json\/wp\/v2\/product\/1501","targetHints":{"allow":["GET"]}}],"collection":[{"href":"https:\/\/www.mundilibros.cl\/web\/wp-json\/wp\/v2\/product"}],"about":[{"href":"https:\/\/www.mundilibros.cl\/web\/wp-json\/wp\/v2\/types\/product"}],"replies":[{"embeddable":true,"href":"https:\/\/www.mundilibros.cl\/web\/wp-json\/wp\/v2\/comments?post=1501"}],"wp:featuredmedia":[{"embeddable":true,"href":"https:\/\/www.mundilibros.cl\/web\/wp-json\/wp\/v2\/media\/1519"}],"wp:attachment":[{"href":"https:\/\/www.mundilibros.cl\/web\/wp-json\/wp\/v2\/media?parent=1501"}],"wp:term":[{"taxonomy":"product_brand","embeddable":true,"href":"https:\/\/www.mundilibros.cl\/web\/wp-json\/wp\/v2\/product_brand?post=1501"},{"taxonomy":"product_cat","embeddable":true,"href":"https:\/\/www.mundilibros.cl\/web\/wp-json\/wp\/v2\/product_cat?post=1501"},{"taxonomy":"product_tag","embeddable":true,"href":"https:\/\/www.mundilibros.cl\/web\/wp-json\/wp\/v2\/product_tag?post=1501"}],"curies":[{"name":"wp","href":"https:\/\/api.w.org\/{rel}","templated":true}]}}