{"id":1512,"date":"2025-11-14T19:28:48","date_gmt":"2025-11-14T19:28:48","guid":{"rendered":"https:\/\/www.mundilibros.cl\/web\/?post_type=product&#038;p=1512"},"modified":"2025-11-25T19:50:52","modified_gmt":"2025-11-25T19:50:52","slug":"el-cuarto-camino-fragmento-de-una-ensenanza-desconocida","status":"publish","type":"product","link":"https:\/\/www.mundilibros.cl\/web\/producto\/el-cuarto-camino-fragmento-de-una-ensenanza-desconocida\/","title":{"rendered":"EL CUARTO CAMINO &#8211; FRAGMENTO DE UNA ENSE\u00d1ANZA DESCONOCIDA"},"content":{"rendered":"<p>Ouspensky experiment\u00f3 un largo proceso de b\u00fasqueda espiritual antes de encontrar la senda del cuarto camino. Seg\u00fan sus palabras, al entrar en contacto con la escuela de Gurdjieff: \u00abMe di cuenta que hab\u00eda encontrado un sistema totalmente nuevo de pensamiento que superaba todo lo que hab\u00eda conocido hasta entonces. Este sistema arrojaba una nueva luz en la psicolog\u00eda y explicaba lo que antes no hab\u00eda podido entender de las ideas esot\u00e9ricas\u00bb. Tras ello se consagr\u00f3 a recoger y difundir ese tesoro de sabidur\u00eda tradicional -una tradici\u00f3n que exist\u00eda completa miles de a\u00f1os antes que Gurdjeff la encontrase, transmiti\u00e9ndose entre generaciones que hab\u00edan practicado sus principios-, ofreciendo la exposici\u00f3n m\u00e1s completa y brillante de sus temas principales, como la observaci\u00f3n de s\u00ed, la Consciencia de S\u00ed, las Octavas, la Ley de Tres, la Tabla de Hidr\u00f3genos o el Eneagrama del Cuarto Camino.<\/p>\n","protected":false},"excerpt":{"rendered":"<p>Ouspensky experiment\u00f3 un largo proceso de b\u00fasqueda espiritual antes de encontrar la senda del cuarto camino. Seg\u00fan sus palabras, al entrar en contacto con la escuela<span class=\"excerpt-hellip\"> [\u2026]<\/span><\/p>\n","protected":false},"featured_media":1529,"comment_status":"closed","ping_status":"closed","template":"","meta":[],"product_brand":[],"product_cat":[110],"product_tag":[],"class_list":{"0":"post-1512","1":"product","2":"type-product","3":"status-publish","4":"has-post-thumbnail","6":"product_cat-clasicos","8":"first","9":"outofstock","10":"sale","11":"taxable","12":"shipping-taxable","13":"purchasable","14":"product-type-simple"},"_links":{"self":[{"href":"https:\/\/www.mundilibros.cl\/web\/wp-json\/wp\/v2\/product\/1512","targetHints":{"allow":["GET"]}}],"collection":[{"href":"https:\/\/www.mundilibros.cl\/web\/wp-json\/wp\/v2\/product"}],"about":[{"href":"https:\/\/www.mundilibros.cl\/web\/wp-json\/wp\/v2\/types\/product"}],"replies":[{"embeddable":true,"href":"https:\/\/www.mundilibros.cl\/web\/wp-json\/wp\/v2\/comments?post=1512"}],"wp:featuredmedia":[{"embeddable":true,"href":"https:\/\/www.mundilibros.cl\/web\/wp-json\/wp\/v2\/media\/1529"}],"wp:attachment":[{"href":"https:\/\/www.mundilibros.cl\/web\/wp-json\/wp\/v2\/media?parent=1512"}],"wp:term":[{"taxonomy":"product_brand","embeddable":true,"href":"https:\/\/www.mundilibros.cl\/web\/wp-json\/wp\/v2\/product_brand?post=1512"},{"taxonomy":"product_cat","embeddable":true,"href":"https:\/\/www.mundilibros.cl\/web\/wp-json\/wp\/v2\/product_cat?post=1512"},{"taxonomy":"product_tag","embeddable":true,"href":"https:\/\/www.mundilibros.cl\/web\/wp-json\/wp\/v2\/product_tag?post=1512"}],"curies":[{"name":"wp","href":"https:\/\/api.w.org\/{rel}","templated":true}]}}