{"id":1514,"date":"2025-11-14T19:28:48","date_gmt":"2025-11-14T19:28:48","guid":{"rendered":"https:\/\/www.mundilibros.cl\/web\/?post_type=product&#038;p=1514"},"modified":"2025-11-14T19:29:29","modified_gmt":"2025-11-14T19:29:29","slug":"libro-de-bill","status":"publish","type":"product","link":"https:\/\/www.mundilibros.cl\/web\/producto\/libro-de-bill\/","title":{"rendered":"LIBRO DE BILL"},"content":{"rendered":"<div class=\"frase-mkt\">\n<p><strong>\u00bfLo extra\u00f1aste?<\/strong><\/p>\n<p><strong>Adm\u00edtelo, lo extra\u00f1aste.<\/strong><\/p>\n<\/div>\n<p>El demonio que aterroriz\u00f3 Gravity Falls est\u00e1 de vuelta desde el m\u00e1s all\u00e1 para contar por fin su versi\u00f3n de la historia en\u00a0<em>El libro de Bill<\/em>, escrito nada menos que por el mism\u00edsimo Bill Clave.<\/p>\n<p>En estas p\u00e1ginas, Bill comparte sus extra\u00f1os or\u00edgenes, su siniestro efecto en la historia de la humanidad, los secretos m\u00e1s vergonzosos de la familia Pines y la receta para conquistar el mundo (con una pr\u00e1ctica gu\u00eda paso a paso). Este ca\u00f3tico y bello tomo ilustrado contiene confusos acertijos, claves indescifrables, p\u00e1ginas perdidas del\u00a0<em>Diario 3<\/em>, maneras de enga\u00f1ar la muerte, el significado de la vida y un cap\u00edtulo completo sobre popotes bobos con formas divertidas. Pero lo m\u00e1s importante es que\u00a0<em>El libro de Bill<\/em>\u00a0est\u00e1 muy, muy maldito.<\/p>\n<p>Alex Hirsch, el autor\u00a0<em>bestseller<\/em>, resucita a este infame villano e invita a los fans a ver el universo\u00a0<em>Gravity Falls<\/em>\u00a0desde la perspectiva de Bill. Muchos creen que este libro es demasiado peligroso para las manos humanas. Pero si no logras resistirte, debes saber esto: una vez que haces un trato con Bill, no es f\u00e1cil retractarte&#8230;<\/p>\n","protected":false},"excerpt":{"rendered":"<p>\u00bfLo extra\u00f1aste? Adm\u00edtelo, lo extra\u00f1aste. El demonio que aterroriz\u00f3 Gravity Falls est\u00e1 de vuelta desde el m\u00e1s all\u00e1 para contar por fin su versi\u00f3n de la<span class=\"excerpt-hellip\"> [\u2026]<\/span><\/p>\n","protected":false},"featured_media":1531,"comment_status":"closed","ping_status":"closed","template":"","meta":[],"product_brand":[],"product_cat":[58],"product_tag":[],"class_list":{"0":"post-1514","1":"product","2":"type-product","3":"status-publish","4":"has-post-thumbnail","6":"product_cat-juvenil","8":"first","9":"outofstock","10":"sale","11":"taxable","12":"shipping-taxable","13":"purchasable","14":"product-type-simple"},"_links":{"self":[{"href":"https:\/\/www.mundilibros.cl\/web\/wp-json\/wp\/v2\/product\/1514","targetHints":{"allow":["GET"]}}],"collection":[{"href":"https:\/\/www.mundilibros.cl\/web\/wp-json\/wp\/v2\/product"}],"about":[{"href":"https:\/\/www.mundilibros.cl\/web\/wp-json\/wp\/v2\/types\/product"}],"replies":[{"embeddable":true,"href":"https:\/\/www.mundilibros.cl\/web\/wp-json\/wp\/v2\/comments?post=1514"}],"wp:featuredmedia":[{"embeddable":true,"href":"https:\/\/www.mundilibros.cl\/web\/wp-json\/wp\/v2\/media\/1531"}],"wp:attachment":[{"href":"https:\/\/www.mundilibros.cl\/web\/wp-json\/wp\/v2\/media?parent=1514"}],"wp:term":[{"taxonomy":"product_brand","embeddable":true,"href":"https:\/\/www.mundilibros.cl\/web\/wp-json\/wp\/v2\/product_brand?post=1514"},{"taxonomy":"product_cat","embeddable":true,"href":"https:\/\/www.mundilibros.cl\/web\/wp-json\/wp\/v2\/product_cat?post=1514"},{"taxonomy":"product_tag","embeddable":true,"href":"https:\/\/www.mundilibros.cl\/web\/wp-json\/wp\/v2\/product_tag?post=1514"}],"curies":[{"name":"wp","href":"https:\/\/api.w.org\/{rel}","templated":true}]}}