{"id":1521,"date":"2025-11-14T19:29:11","date_gmt":"2025-11-14T19:29:11","guid":{"rendered":"https:\/\/www.mundilibros.cl\/web\/?post_type=product&#038;p=1521"},"modified":"2025-11-14T19:29:32","modified_gmt":"2025-11-14T19:29:32","slug":"nexus","status":"publish","type":"product","link":"https:\/\/www.mundilibros.cl\/web\/producto\/nexus\/","title":{"rendered":"NEXUS"},"content":{"rendered":"<div id=\"description\" class=\"tab-pane in active\">\n<div class=\"product-description\">\n<div class=\"rte-content\">\n<div class=\"p_leer_menos\">\n<p align=\"JUSTIFY\">Harari vuelve a contemplar a la humanidad bajo el prisma de la historia para mostrarnos hasta qu\u00e9 punto la informaci\u00f3n ha hecho y deshecho el mundo. Pese a los avances de los \u00faltimos cien mil a\u00f1os, nos enfrentamos a una gran crisis. En medio de la desinformaci\u00f3n y el desconcierto, estamos al borde del colapso ecol\u00f3gico y nos precipitamos hacia la era de la Inteligencia Artificial. \u00bfPor qu\u00e9 somos una especie tan autodestructiva? A su m\u00e1s puro estilo, a partir de reveladores ejemplos hist\u00f3ricos, ofrece un marco tremendamente \u00fatil para entender las complejas relaciones que existen entre informaci\u00f3n y verdad, burocracia y mitolog\u00eda, y sabidur\u00eda y poder. La informaci\u00f3n no es el principio activo de la verdad; tampoco una simple arma. Nexus explora el esperanzador t\u00e9rmino medio entre ambos extremos.<\/p>\n<\/div>\n<\/div>\n<\/div>\n<\/div>\n<div class=\"tabs product-tabs\"><\/div>\n","protected":false},"excerpt":{"rendered":"<p>Harari vuelve a contemplar a la humanidad bajo el prisma de la historia para mostrarnos hasta qu\u00e9 punto la informaci\u00f3n ha hecho y deshecho el mundo.<span class=\"excerpt-hellip\"> [\u2026]<\/span><\/p>\n","protected":false},"featured_media":1532,"comment_status":"closed","ping_status":"closed","template":"","meta":[],"product_brand":[],"product_cat":[31],"product_tag":[],"class_list":{"0":"post-1521","1":"product","2":"type-product","3":"status-publish","4":"has-post-thumbnail","6":"product_cat-historia","8":"first","9":"outofstock","10":"sale","11":"taxable","12":"shipping-taxable","13":"purchasable","14":"product-type-simple"},"_links":{"self":[{"href":"https:\/\/www.mundilibros.cl\/web\/wp-json\/wp\/v2\/product\/1521","targetHints":{"allow":["GET"]}}],"collection":[{"href":"https:\/\/www.mundilibros.cl\/web\/wp-json\/wp\/v2\/product"}],"about":[{"href":"https:\/\/www.mundilibros.cl\/web\/wp-json\/wp\/v2\/types\/product"}],"replies":[{"embeddable":true,"href":"https:\/\/www.mundilibros.cl\/web\/wp-json\/wp\/v2\/comments?post=1521"}],"wp:featuredmedia":[{"embeddable":true,"href":"https:\/\/www.mundilibros.cl\/web\/wp-json\/wp\/v2\/media\/1532"}],"wp:attachment":[{"href":"https:\/\/www.mundilibros.cl\/web\/wp-json\/wp\/v2\/media?parent=1521"}],"wp:term":[{"taxonomy":"product_brand","embeddable":true,"href":"https:\/\/www.mundilibros.cl\/web\/wp-json\/wp\/v2\/product_brand?post=1521"},{"taxonomy":"product_cat","embeddable":true,"href":"https:\/\/www.mundilibros.cl\/web\/wp-json\/wp\/v2\/product_cat?post=1521"},{"taxonomy":"product_tag","embeddable":true,"href":"https:\/\/www.mundilibros.cl\/web\/wp-json\/wp\/v2\/product_tag?post=1521"}],"curies":[{"name":"wp","href":"https:\/\/api.w.org\/{rel}","templated":true}]}}