{"id":1522,"date":"2025-11-14T19:29:11","date_gmt":"2025-11-14T19:29:11","guid":{"rendered":"https:\/\/www.mundilibros.cl\/web\/?post_type=product&#038;p=1522"},"modified":"2025-11-14T19:29:37","modified_gmt":"2025-11-14T19:29:37","slug":"50-capsulas-de-amor-propio","status":"publish","type":"product","link":"https:\/\/www.mundilibros.cl\/web\/producto\/50-capsulas-de-amor-propio\/","title":{"rendered":"50 CAPSULAS DE AMOR PROPIO"},"content":{"rendered":"<p>Este libro pretende ofrecerte hermosos<strong>\u00a0caminos para trabajar tu amor propio<\/strong>. Sabemos que la relaci\u00f3n que sostenemos con nosotros mismos tiene muchas aristas y el objetivo es abarcar las que podr\u00edamos llamar pilares cuando hablamos del amor propio.<\/p>\n<p>Incrementar el amor que sentimos hacia nosotros,\u00a0<strong>valorarnos, establecer l\u00edmites sanos, soltar oportunamente,<\/strong>\u00a0es una pr\u00e1ctica que se puede iluminar a trav\u00e9s de las palabras y del acompa\u00f1amiento, y este libro busca justamente eso,\u00a0<strong>suministrarte las dosis necesarias para que ese amor propio se desborde en tu interior.<\/strong><\/p>\n<p>Podr\u00e1s ubicarte en pr\u00e1cticamente cualquier p\u00e1gina de este libro y encontrar un mensaje que contribuya con<strong>\u00a0tu bienestar,<\/strong>\u00a0que te d\u00e9 respuestas ante un momento de incertidumbre o que simplemente<strong>\u00a0alimente tu alma.<\/strong><\/p>\n<p>El libro tiene bell\u00edsimas ilustraciones creadas especialmente para esta edici\u00f3n, que har\u00e1n tu lectura mucho m\u00e1s c\u00e1lida y cercana.<\/p>\n","protected":false},"excerpt":{"rendered":"<p>Este libro pretende ofrecerte hermosos\u00a0caminos para trabajar tu amor propio. Sabemos que la relaci\u00f3n que sostenemos con nosotros mismos tiene muchas aristas y el objetivo es<span class=\"excerpt-hellip\"> [\u2026]<\/span><\/p>\n","protected":false},"featured_media":1539,"comment_status":"closed","ping_status":"closed","template":"","meta":[],"product_brand":[],"product_cat":[46],"product_tag":[],"class_list":{"0":"post-1522","1":"product","2":"type-product","3":"status-publish","4":"has-post-thumbnail","6":"product_cat-autoayuda","8":"first","9":"outofstock","10":"sale","11":"featured","12":"taxable","13":"shipping-taxable","14":"purchasable","15":"product-type-simple"},"_links":{"self":[{"href":"https:\/\/www.mundilibros.cl\/web\/wp-json\/wp\/v2\/product\/1522","targetHints":{"allow":["GET"]}}],"collection":[{"href":"https:\/\/www.mundilibros.cl\/web\/wp-json\/wp\/v2\/product"}],"about":[{"href":"https:\/\/www.mundilibros.cl\/web\/wp-json\/wp\/v2\/types\/product"}],"replies":[{"embeddable":true,"href":"https:\/\/www.mundilibros.cl\/web\/wp-json\/wp\/v2\/comments?post=1522"}],"wp:featuredmedia":[{"embeddable":true,"href":"https:\/\/www.mundilibros.cl\/web\/wp-json\/wp\/v2\/media\/1539"}],"wp:attachment":[{"href":"https:\/\/www.mundilibros.cl\/web\/wp-json\/wp\/v2\/media?parent=1522"}],"wp:term":[{"taxonomy":"product_brand","embeddable":true,"href":"https:\/\/www.mundilibros.cl\/web\/wp-json\/wp\/v2\/product_brand?post=1522"},{"taxonomy":"product_cat","embeddable":true,"href":"https:\/\/www.mundilibros.cl\/web\/wp-json\/wp\/v2\/product_cat?post=1522"},{"taxonomy":"product_tag","embeddable":true,"href":"https:\/\/www.mundilibros.cl\/web\/wp-json\/wp\/v2\/product_tag?post=1522"}],"curies":[{"name":"wp","href":"https:\/\/api.w.org\/{rel}","templated":true}]}}