{"id":1525,"date":"2025-11-14T19:29:11","date_gmt":"2025-11-14T19:29:11","guid":{"rendered":"https:\/\/www.mundilibros.cl\/web\/?post_type=product&#038;p=1525"},"modified":"2025-11-14T19:29:55","modified_gmt":"2025-11-14T19:29:55","slug":"no-es-amor","status":"publish","type":"product","link":"https:\/\/www.mundilibros.cl\/web\/producto\/no-es-amor\/","title":{"rendered":"NO ES AMOR"},"content":{"rendered":"<div class=\"product attribute description\"><span class=\"value\">Una aventura secreta y prohibida demuestra que en el amor y en la ciencia todo vale.<\/span><\/div>\n<div class=\"product attribute overview\">\n<div class=\"value std\">Puede que Rue Siebert no lo tenga todo, pero no le falta de nada: tiene unos pocos amigos, la estabilidad econ\u00f3mica que anhelaba de peque\u00f1a y una exitosa carrera como ingeniera biotecnol\u00f3gica en Kline, una de las empresas emergentes m\u00e1s prometedoras en el campo de la ciencia de los alimentos. Ha trabajado duro y ha conseguido que su mundo sea estable y agradable. Hasta que una hostil adquisici\u00f3n por parte de otra empresa y su ofensivamente atractivo representante amenazan con destruirlo todo.<\/div>\n<\/div>\n","protected":false},"excerpt":{"rendered":"<p>Una aventura secreta y prohibida demuestra que en el amor y en la ciencia todo vale. Puede que Rue Siebert no lo tenga todo, pero no<span class=\"excerpt-hellip\"> [\u2026]<\/span><\/p>\n","protected":false},"featured_media":1542,"comment_status":"closed","ping_status":"closed","template":"","meta":[],"product_brand":[],"product_cat":[58],"product_tag":[],"class_list":{"0":"post-1525","1":"product","2":"type-product","3":"status-publish","4":"has-post-thumbnail","6":"product_cat-juvenil","8":"first","9":"instock","10":"sale","11":"taxable","12":"shipping-taxable","13":"purchasable","14":"product-type-simple"},"_links":{"self":[{"href":"https:\/\/www.mundilibros.cl\/web\/wp-json\/wp\/v2\/product\/1525","targetHints":{"allow":["GET"]}}],"collection":[{"href":"https:\/\/www.mundilibros.cl\/web\/wp-json\/wp\/v2\/product"}],"about":[{"href":"https:\/\/www.mundilibros.cl\/web\/wp-json\/wp\/v2\/types\/product"}],"replies":[{"embeddable":true,"href":"https:\/\/www.mundilibros.cl\/web\/wp-json\/wp\/v2\/comments?post=1525"}],"wp:featuredmedia":[{"embeddable":true,"href":"https:\/\/www.mundilibros.cl\/web\/wp-json\/wp\/v2\/media\/1542"}],"wp:attachment":[{"href":"https:\/\/www.mundilibros.cl\/web\/wp-json\/wp\/v2\/media?parent=1525"}],"wp:term":[{"taxonomy":"product_brand","embeddable":true,"href":"https:\/\/www.mundilibros.cl\/web\/wp-json\/wp\/v2\/product_brand?post=1525"},{"taxonomy":"product_cat","embeddable":true,"href":"https:\/\/www.mundilibros.cl\/web\/wp-json\/wp\/v2\/product_cat?post=1525"},{"taxonomy":"product_tag","embeddable":true,"href":"https:\/\/www.mundilibros.cl\/web\/wp-json\/wp\/v2\/product_tag?post=1525"}],"curies":[{"name":"wp","href":"https:\/\/api.w.org\/{rel}","templated":true}]}}